{"id":6893,"date":"2016-03-31T19:31:01","date_gmt":"2016-03-31T17:31:01","guid":{"rendered":"https:\/\/chhofer.wpengine.com\/shop\/"},"modified":"2022-10-25T12:51:08","modified_gmt":"2022-10-25T10:51:08","slug":"shop","status":"publish","type":"page","link":"https:\/\/www.charleshofer.ch\/en\/shop\/","title":{"rendered":"Shop"},"content":{"rendered":"\t\t<div data-elementor-type=\"wp-page\" data-elementor-id=\"6893\" class=\"elementor elementor-6893 elementor-2598\" data-elementor-settings=\"{&quot;ha_cmc_init_switcher&quot;:&quot;no&quot;}\" data-elementor-post-type=\"page\">\n\t\t\t\t\t\t<section class=\"elementor-section elementor-top-section elementor-element elementor-element-1cf6f81b elementor-section-boxed elementor-section-height-default elementor-section-height-default\" data-id=\"1cf6f81b\" data-element_type=\"section\" data-settings=\"{&quot;_ha_eqh_enable&quot;:false}\">\n\t\t\t\t\t\t<div class=\"elementor-container elementor-column-gap-default\">\n\t\t\t\t\t<div class=\"elementor-column elementor-col-100 elementor-top-column elementor-element elementor-element-dc038a6\" data-id=\"dc038a6\" data-element_type=\"column\">\n\t\t\t<div class=\"elementor-widget-wrap elementor-element-populated\">\n\t\t\t\t\t\t<div class=\"elementor-element elementor-element-27f5853 elementor-widget elementor-widget-text-editor\" data-id=\"27f5853\" data-element_type=\"widget\" data-widget_type=\"text-editor.default\">\n\t\t\t\t<div class=\"elementor-widget-container\">\n\t\t\t\t\t\t\t\t\t<p>Bitte beachten Sie, dass wir unsere Produkte <strong>nur an Grossisten, Fachh\u00e4ndler und Gastronomen mit <\/strong><span class=\"il\"><strong>Login<\/strong> direkt verkaufen. Mit dem unten stehenden Formular k\u00f6nnen Sie sich gerne f\u00fcr unseren Shop registrieren. Adress\u00e4nderungen f\u00fcr den\u00a0Online-Shop k\u00f6nnen nur \u00fcber unseren\u00a0Kundendienst erfolgen, rufen Sie uns\u00a0dazu unter +41 33\u00a0748 72 65 an.<\/span><\/p>\t\t\t\t\t\t\t\t<\/div>\n\t\t\t\t<\/div>\n\t\t\t\t<div class=\"elementor-element elementor-element-2037403 ha-has-bg-overlay elementor-widget elementor-widget-button\" data-id=\"2037403\" data-element_type=\"widget\" data-widget_type=\"button.default\">\n\t\t\t\t<div class=\"elementor-widget-container\">\n\t\t\t\t\t\t\t\t\t<div class=\"elementor-button-wrapper\">\n\t\t\t\t\t<a class=\"elementor-button elementor-button-link elementor-size-lg\" href=\"https:\/\/shop.charleshofer.ch\/\" target=\"_blank\">\n\t\t\t\t\t\t<span class=\"elementor-button-content-wrapper\">\n\t\t\t\t\t\t<span class=\"elementor-button-icon\">\n\t\t\t\t<i aria-hidden=\"true\" class=\"fas fa-shopping-cart\"><\/i>\t\t\t<\/span>\n\t\t\t\t\t\t\t\t\t<span class=\"elementor-button-text\">Zum Online-Shop<\/span>\n\t\t\t\t\t<\/span>\n\t\t\t\t\t<\/a>\n\t\t\t\t<\/div>\n\t\t\t\t\t\t\t\t<\/div>\n\t\t\t\t<\/div>\n\t\t\t\t\t<\/div>\n\t\t<\/div>\n\t\t\t\t\t<\/div>\n\t\t<\/section>\n\t\t\t\t<section class=\"elementor-section elementor-top-section elementor-element elementor-element-144f52c elementor-section-boxed elementor-section-height-default elementor-section-height-default\" data-id=\"144f52c\" data-element_type=\"section\" data-settings=\"{&quot;_ha_eqh_enable&quot;:false}\">\n\t\t\t\t\t\t<div class=\"elementor-container elementor-column-gap-default\">\n\t\t\t\t\t<div class=\"elementor-column elementor-col-100 elementor-top-column elementor-element elementor-element-9452ebe\" data-id=\"9452ebe\" data-element_type=\"column\">\n\t\t\t<div class=\"elementor-widget-wrap elementor-element-populated\">\n\t\t\t\t\t\t<div class=\"elementor-element elementor-element-7ac2921 elementor-widget elementor-widget-heading\" data-id=\"7ac2921\" data-element_type=\"widget\" data-widget_type=\"heading.default\">\n\t\t\t\t<div class=\"elementor-widget-container\">\n\t\t\t\t\t<h2 class=\"elementor-heading-title elementor-size-default\">Registrierung f\u00fcr Shop-Login<\/h2>\t\t\t\t<\/div>\n\t\t\t\t<\/div>\n\t\t\t\t<div class=\"elementor-element elementor-element-f9f2e63 elementor-widget elementor-widget-shortcode\" data-id=\"f9f2e63\" data-element_type=\"widget\" data-widget_type=\"shortcode.default\">\n\t\t\t\t<div class=\"elementor-widget-container\">\n\t\t\t\t\t\t\t<div class=\"elementor-shortcode\"><div id='wufoo-rnwijqd1prbo8f'>\nFill out my <a href='https:\/\/okeanos.wufoo.com\/forms\/rnwijqd1prbo8f'>online form<\/a>.\n<\/div>\n<script type='text\/javascript'>var rnwijqd1prbo8f;(function(d, t) {\nvar s = d.createElement(t), options = {\n'userName'      : 'okeanos',    \n'formHash'      : 'rnwijqd1prbo8f',    \n'autoResize'    :  true,   \n'height'        : '1082',      \n'async'         :  true,          \n'header'        : 'hide',      \n'host'          : 'wufoo.com',    \n'entSource'     : 'wordpress',   \n'defaultValues' : ''     \n,'ssl'          :  1           };\ns.src = ('https:' == d.location.protocol ? 'https:\/\/' : 'http:\/\/') + 'secure.wufoo.com\/scripts\/embed\/form.js';\ns.onload = s.onreadystatechange = function() {\nvar rs = this.readyState; if (rs) if (rs != 'complete') if (rs != 'loaded') return;\ntry { rnwijqd1prbo8f = new WufooForm();rnwijqd1prbo8f.initialize(options);rnwijqd1prbo8f.display(); } catch (e) {}}\nvar scr = d.getElementsByTagName(t)[0], par = scr.parentNode; par.insertBefore(s, scr);\n})(document, 'script');<\/script> <noscript> <iframe height=\"1082\" allowTransparency=\"true\" sandbox=\"allow-top-navigation allow-scripts allow-popups allow-forms allow-same-origin allow-popups-to-escape-sandbox\" frameborder=\"0\" scrolling=\"no\" style=\"width:100%;border:none;\"src=\"https:\/\/okeanos.wufoo.com\/embed\/rnwijqd1prbo8f?entsource=wordpress\"><a href=\"https:\/\/okeanos.wufoo.com\/forms\/rnwijqd1prbo8f?entsource=wordpress\" rel=\"nofollow\">Fill out my Wufoo form!<\/a><\/iframe> <\/noscript><\/div>\n\t\t\t\t\t\t<\/div>\n\t\t\t\t<\/div>\n\t\t\t\t\t<\/div>\n\t\t<\/div>\n\t\t\t\t\t<\/div>\n\t\t<\/section>\n\t\t\t\t<\/div>\n\t\t","protected":false},"excerpt":{"rendered":"<p>Bitte beachten Sie, dass wir unsere Produkte nur an Grossisten, Fachh\u00e4ndler und Gastronomen mit Login direkt verkaufen. Mit dem unten stehenden Formular k\u00f6nnen Sie sich gerne f\u00fcr unseren Shop registrieren. Adress\u00e4nderungen f\u00fcr den\u00a0Online-Shop k\u00f6nnen nur \u00fcber unseren\u00a0Kundendienst erfolgen, rufen Sie uns\u00a0dazu unter +41 33\u00a0748 72 65 an. Zum Online-Shop Registrierung f\u00fcr Shop-Login<\/p>\n","protected":false},"author":5,"featured_media":0,"parent":0,"menu_order":0,"comment_status":"closed","ping_status":"closed","template":"","meta":{"_acf_changed":false,"site-sidebar-layout":"default","site-content-layout":"plain-container","ast-site-content-layout":"default","site-content-style":"default","site-sidebar-style":"default","ast-global-header-display":"","ast-banner-title-visibility":"","ast-main-header-display":"","ast-hfb-above-header-display":"","ast-hfb-below-header-display":"","ast-hfb-mobile-header-display":"","site-post-title":"disabled","ast-breadcrumbs-content":"","ast-featured-img":"disabled","footer-sml-layout":"","ast-disable-related-posts":"","theme-transparent-header-meta":"default","adv-header-id-meta":"","stick-header-meta":"default","header-above-stick-meta":"","header-main-stick-meta":"","header-below-stick-meta":"","astra-migrate-meta-layouts":"default","ast-page-background-enabled":"default","ast-page-background-meta":{"desktop":{"background-color":"","background-image":"","background-repeat":"repeat","background-position":"center center","background-size":"auto","background-attachment":"scroll","background-type":"","background-media":"","overlay-type":"","overlay-color":"","overlay-opacity":"","overlay-gradient":""},"tablet":{"background-color":"","background-image":"","background-repeat":"repeat","background-position":"center center","background-size":"auto","background-attachment":"scroll","background-type":"","background-media":"","overlay-type":"","overlay-color":"","overlay-opacity":"","overlay-gradient":""},"mobile":{"background-color":"","background-image":"","background-repeat":"repeat","background-position":"center center","background-size":"auto","background-attachment":"scroll","background-type":"","background-media":"","overlay-type":"","overlay-color":"","overlay-opacity":"","overlay-gradient":""}},"ast-content-background-meta":{"desktop":{"background-color":"var(--ast-global-color-5)","background-image":"","background-repeat":"repeat","background-position":"center center","background-size":"auto","background-attachment":"scroll","background-type":"","background-media":"","overlay-type":"","overlay-color":"","overlay-opacity":"","overlay-gradient":""},"tablet":{"background-color":"var(--ast-global-color-5)","background-image":"","background-repeat":"repeat","background-position":"center center","background-size":"auto","background-attachment":"scroll","background-type":"","background-media":"","overlay-type":"","overlay-color":"","overlay-opacity":"","overlay-gradient":""},"mobile":{"background-color":"var(--ast-global-color-5)","background-image":"","background-repeat":"repeat","background-position":"center center","background-size":"auto","background-attachment":"scroll","background-type":"","background-media":"","overlay-type":"","overlay-color":"","overlay-opacity":"","overlay-gradient":""}},"footnotes":""},"class_list":["post-6893","page","type-page","status-publish","hentry"],"acf":[],"yoast_head":"<!-- This site is optimized with the Yoast SEO plugin v26.7 - https:\/\/yoast.com\/wordpress\/plugins\/seo\/ -->\n<title>Shop | Charles Hofer SA<\/title>\n<meta name=\"robots\" content=\"index, follow, max-snippet:-1, max-image-preview:large, max-video-preview:-1\" \/>\n<link rel=\"canonical\" href=\"https:\/\/www.charleshofer.ch\/shop\/\" \/>\n<meta property=\"og:locale\" content=\"en_US\" \/>\n<meta property=\"og:type\" content=\"article\" \/>\n<meta property=\"og:title\" content=\"Shop | Charles Hofer SA\" \/>\n<meta property=\"og:description\" content=\"Bitte beachten Sie, dass wir unsere Produkte nur an Grossisten, Fachh\u00e4ndler und Gastronomen mit Login direkt verkaufen. Mit dem unten stehenden Formular k\u00f6nnen Sie sich gerne f\u00fcr unseren Shop registrieren. Adress\u00e4nderungen f\u00fcr den\u00a0Online-Shop k\u00f6nnen nur \u00fcber unseren\u00a0Kundendienst erfolgen, rufen Sie uns\u00a0dazu unter +41 33\u00a0748 72 65 an. Zum Online-Shop Registrierung f\u00fcr Shop-Login\" \/>\n<meta property=\"og:url\" content=\"https:\/\/www.charleshofer.ch\/shop\/\" \/>\n<meta property=\"og:site_name\" content=\"Charles Hofer SA\" \/>\n<meta property=\"article:modified_time\" content=\"2022-10-25T10:51:08+00:00\" \/>\n<meta name=\"twitter:card\" content=\"summary_large_image\" \/>\n<script type=\"application\/ld+json\" class=\"yoast-schema-graph\">{\"@context\":\"https:\/\/schema.org\",\"@graph\":[{\"@type\":\"WebPage\",\"@id\":\"https:\/\/www.charleshofer.ch\/shop\/\",\"url\":\"https:\/\/www.charleshofer.ch\/shop\/\",\"name\":\"Shop | Charles Hofer SA\",\"isPartOf\":{\"@id\":\"https:\/\/www.charleshofer.ch\/#website\"},\"datePublished\":\"2016-03-31T17:31:01+00:00\",\"dateModified\":\"2022-10-25T10:51:08+00:00\",\"breadcrumb\":{\"@id\":\"https:\/\/www.charleshofer.ch\/shop\/#breadcrumb\"},\"inLanguage\":\"en-US\",\"potentialAction\":[{\"@type\":\"ReadAction\",\"target\":[\"https:\/\/www.charleshofer.ch\/shop\/\"]}]},{\"@type\":\"BreadcrumbList\",\"@id\":\"https:\/\/www.charleshofer.ch\/shop\/#breadcrumb\",\"itemListElement\":[{\"@type\":\"ListItem\",\"position\":1,\"name\":\"Startseite\",\"item\":\"https:\/\/www.charleshofer.ch\/\"},{\"@type\":\"ListItem\",\"position\":2,\"name\":\"Shop\"}]},{\"@type\":\"WebSite\",\"@id\":\"https:\/\/www.charleshofer.ch\/#website\",\"url\":\"https:\/\/www.charleshofer.ch\/\",\"name\":\"Charles Hofer SA\",\"description\":\"Fine Spirits &amp; Wines\",\"publisher\":{\"@id\":\"https:\/\/www.charleshofer.ch\/#organization\"},\"potentialAction\":[{\"@type\":\"SearchAction\",\"target\":{\"@type\":\"EntryPoint\",\"urlTemplate\":\"https:\/\/www.charleshofer.ch\/?s={search_term_string}\"},\"query-input\":{\"@type\":\"PropertyValueSpecification\",\"valueRequired\":true,\"valueName\":\"search_term_string\"}}],\"inLanguage\":\"en-US\"},{\"@type\":\"Organization\",\"@id\":\"https:\/\/www.charleshofer.ch\/#organization\",\"name\":\"Charles Hofer SA\",\"url\":\"https:\/\/www.charleshofer.ch\/\",\"logo\":{\"@type\":\"ImageObject\",\"inLanguage\":\"en-US\",\"@id\":\"https:\/\/www.charleshofer.ch\/#\/schema\/logo\/image\/\",\"url\":\"https:\/\/www.charleshofer.ch\/wp-content\/uploads\/2014\/01\/chhofer_logo_0.png\",\"contentUrl\":\"https:\/\/www.charleshofer.ch\/wp-content\/uploads\/2014\/01\/chhofer_logo_0.png\",\"width\":175,\"height\":217,\"caption\":\"Charles Hofer SA\"},\"image\":{\"@id\":\"https:\/\/www.charleshofer.ch\/#\/schema\/logo\/image\/\"}}]}<\/script>\n<!-- \/ Yoast SEO plugin. -->","yoast_head_json":{"title":"Shop | Charles Hofer SA","robots":{"index":"index","follow":"follow","max-snippet":"max-snippet:-1","max-image-preview":"max-image-preview:large","max-video-preview":"max-video-preview:-1"},"canonical":"https:\/\/www.charleshofer.ch\/shop\/","og_locale":"en_US","og_type":"article","og_title":"Shop | Charles Hofer SA","og_description":"Bitte beachten Sie, dass wir unsere Produkte nur an Grossisten, Fachh\u00e4ndler und Gastronomen mit Login direkt verkaufen. Mit dem unten stehenden Formular k\u00f6nnen Sie sich gerne f\u00fcr unseren Shop registrieren. Adress\u00e4nderungen f\u00fcr den\u00a0Online-Shop k\u00f6nnen nur \u00fcber unseren\u00a0Kundendienst erfolgen, rufen Sie uns\u00a0dazu unter +41 33\u00a0748 72 65 an. Zum Online-Shop Registrierung f\u00fcr Shop-Login","og_url":"https:\/\/www.charleshofer.ch\/shop\/","og_site_name":"Charles Hofer SA","article_modified_time":"2022-10-25T10:51:08+00:00","twitter_card":"summary_large_image","schema":{"@context":"https:\/\/schema.org","@graph":[{"@type":"WebPage","@id":"https:\/\/www.charleshofer.ch\/shop\/","url":"https:\/\/www.charleshofer.ch\/shop\/","name":"Shop | Charles Hofer SA","isPartOf":{"@id":"https:\/\/www.charleshofer.ch\/#website"},"datePublished":"2016-03-31T17:31:01+00:00","dateModified":"2022-10-25T10:51:08+00:00","breadcrumb":{"@id":"https:\/\/www.charleshofer.ch\/shop\/#breadcrumb"},"inLanguage":"en-US","potentialAction":[{"@type":"ReadAction","target":["https:\/\/www.charleshofer.ch\/shop\/"]}]},{"@type":"BreadcrumbList","@id":"https:\/\/www.charleshofer.ch\/shop\/#breadcrumb","itemListElement":[{"@type":"ListItem","position":1,"name":"Startseite","item":"https:\/\/www.charleshofer.ch\/"},{"@type":"ListItem","position":2,"name":"Shop"}]},{"@type":"WebSite","@id":"https:\/\/www.charleshofer.ch\/#website","url":"https:\/\/www.charleshofer.ch\/","name":"Charles Hofer SA","description":"Fine Spirits &amp; Wines","publisher":{"@id":"https:\/\/www.charleshofer.ch\/#organization"},"potentialAction":[{"@type":"SearchAction","target":{"@type":"EntryPoint","urlTemplate":"https:\/\/www.charleshofer.ch\/?s={search_term_string}"},"query-input":{"@type":"PropertyValueSpecification","valueRequired":true,"valueName":"search_term_string"}}],"inLanguage":"en-US"},{"@type":"Organization","@id":"https:\/\/www.charleshofer.ch\/#organization","name":"Charles Hofer SA","url":"https:\/\/www.charleshofer.ch\/","logo":{"@type":"ImageObject","inLanguage":"en-US","@id":"https:\/\/www.charleshofer.ch\/#\/schema\/logo\/image\/","url":"https:\/\/www.charleshofer.ch\/wp-content\/uploads\/2014\/01\/chhofer_logo_0.png","contentUrl":"https:\/\/www.charleshofer.ch\/wp-content\/uploads\/2014\/01\/chhofer_logo_0.png","width":175,"height":217,"caption":"Charles Hofer SA"},"image":{"@id":"https:\/\/www.charleshofer.ch\/#\/schema\/logo\/image\/"}}]}},"_links":{"self":[{"href":"https:\/\/www.charleshofer.ch\/en\/wp-json\/wp\/v2\/pages\/6893","targetHints":{"allow":["GET"]}}],"collection":[{"href":"https:\/\/www.charleshofer.ch\/en\/wp-json\/wp\/v2\/pages"}],"about":[{"href":"https:\/\/www.charleshofer.ch\/en\/wp-json\/wp\/v2\/types\/page"}],"author":[{"embeddable":true,"href":"https:\/\/www.charleshofer.ch\/en\/wp-json\/wp\/v2\/users\/5"}],"replies":[{"embeddable":true,"href":"https:\/\/www.charleshofer.ch\/en\/wp-json\/wp\/v2\/comments?post=6893"}],"version-history":[{"count":0,"href":"https:\/\/www.charleshofer.ch\/en\/wp-json\/wp\/v2\/pages\/6893\/revisions"}],"wp:attachment":[{"href":"https:\/\/www.charleshofer.ch\/en\/wp-json\/wp\/v2\/media?parent=6893"}],"curies":[{"name":"wp","href":"https:\/\/api.w.org\/{rel}","templated":true}]}}