{"id":6345,"date":"2019-11-07T16:35:44","date_gmt":"2019-11-07T15:35:44","guid":{"rendered":"https:\/\/chhofer.wpengine.com\/product\/bodegas-tradicion-sherry\/"},"modified":"2024-10-01T09:17:36","modified_gmt":"2024-10-01T07:17:36","slug":"bodegas-tradicion-sherry","status":"publish","type":"product","link":"https:\/\/www.charleshofer.ch\/fr\/product\/bodegas-tradicion-sherry\/","title":{"rendered":"Bodegas Tradici\u00f2n Sherry"},"content":{"rendered":"\n<p><strong>Bodegas Tradici\u00f2n mise sur des m\u00e9thodes de vieillissement traditionnelles. Son but est d\u2019accro\u00eetre la notori\u00e9t\u00e9 des vins et distillats les plus anciens et les plus nobles.<\/strong><\/p>\n\n\n\n<p>Du point de vue historique et du processus de production, le x\u00e9r\u00e8s est un vin unique au monde. Jerez se trouve dans la province de Cadix, au sud-est de l\u2019Espagne. Seuls les c\u00e9pages Palomino Fino, Moscatel et Pedro Xim\u00e9nez ont le droit d\u2019\u00eatre utilis\u00e9s pour le x\u00e9r\u00e8s. Les grappes Palomino sont r\u00e9put\u00e9es reines du x\u00e9r\u00e8s sec, alors que les deux autres sont plut\u00f4t r\u00e9serv\u00e9es \u00e0 des vins doux.<\/p>\n\n\n\n<p>Une fois le mo\u00fbt ferment\u00e9, le vin qui en r\u00e9sulte, d\u2019une teneur en alcool de 12 \u00e0 13%, est tout d\u2019abord clarifi\u00e9 dans un r\u00e9servoir. Ensuite, le type de maturation est d\u00e9cid\u00e9 pour chaque vin. Les breuvages l\u00e9gers et \u00e9l\u00e9gants seront matur\u00e9s comme Finos ou Manzanillas, alors que les plus vigoureux deviendront des Olorosos aromatiques.<\/p>\n\n\n\n<p>De l\u2019esprit de vin est alors ajout\u00e9 afin d\u2019augmenter la teneur en alcool. Le vieillissement traditionnel des x\u00e9r\u00e8s commence dans de grands f\u00fbts de 600 litres en ch\u00eane am\u00e9ricain. Pour le Bodegas Tradici\u00f2n, ceux-ci doivent au moins avoir 40 ans. Apr\u00e8s six \u00e0 douze mois, une deuxi\u00e8me classification est r\u00e9alis\u00e9e, puis les vins entament le deuxi\u00e8me degr\u00e9 dynamique de leur cycle de vieillissement. Les vins les plus jeunes sont progressivement m\u00e9lang\u00e9s \u00e0 d\u2019autres plus \u00e2g\u00e9s afin de pr\u00e9server tant leur caract\u00e8re que leur fra\u00eecheur.<\/p>\n\n\n\n<p>&nbsp;<\/p>\n","protected":false},"excerpt":{"rendered":"<p>Bodegas Tradici\u00f2n mise sur des m\u00e9thodes de vieillissement traditionnelles. Son but est d\u2019accro\u00eetre la notori\u00e9t\u00e9 des vins et distillats les plus anciens et les plus nobles. Du point de vue historique et du processus de production, le x\u00e9r\u00e8s est un vin unique au monde. Jerez se trouve dans la province de Cadix, au sud-est de [&hellip;]<\/p>\n","protected":false},"author":5,"featured_media":6668,"parent":0,"template":"","meta":{"_acf_changed":true,"site-sidebar-layout":"default","site-content-layout":"default","ast-site-content-layout":"default","site-content-style":"default","site-sidebar-style":"default","ast-global-header-display":"","ast-banner-title-visibility":"","ast-main-header-display":"","ast-hfb-above-header-display":"","ast-hfb-below-header-display":"","ast-hfb-mobile-header-display":"","site-post-title":"","ast-breadcrumbs-content":"","ast-featured-img":"","footer-sml-layout":"","ast-disable-related-posts":"","theme-transparent-header-meta":"default","adv-header-id-meta":"","stick-header-meta":"default","header-above-stick-meta":"","header-main-stick-meta":"","header-below-stick-meta":"","astra-migrate-meta-layouts":"set","ast-page-background-enabled":"default","ast-page-background-meta":{"desktop":{"background-color":"","background-image":"","background-repeat":"repeat","background-position":"center center","background-size":"auto","background-attachment":"scroll","background-type":"","background-media":"","overlay-type":"","overlay-color":"","overlay-opacity":"","overlay-gradient":""},"tablet":{"background-color":"","background-image":"","background-repeat":"repeat","background-position":"center center","background-size":"auto","background-attachment":"scroll","background-type":"","background-media":"","overlay-type":"","overlay-color":"","overlay-opacity":"","overlay-gradient":""},"mobile":{"background-color":"","background-image":"","background-repeat":"repeat","background-position":"center center","background-size":"auto","background-attachment":"scroll","background-type":"","background-media":"","overlay-type":"","overlay-color":"","overlay-opacity":"","overlay-gradient":""}},"ast-content-background-meta":{"desktop":{"background-color":"var(--ast-global-color-5)","background-image":"","background-repeat":"repeat","background-position":"center center","background-size":"auto","background-attachment":"scroll","background-type":"","background-media":"","overlay-type":"","overlay-color":"","overlay-opacity":"","overlay-gradient":""},"tablet":{"background-color":"var(--ast-global-color-5)","background-image":"","background-repeat":"repeat","background-position":"center center","background-size":"auto","background-attachment":"scroll","background-type":"","background-media":"","overlay-type":"","overlay-color":"","overlay-opacity":"","overlay-gradient":""},"mobile":{"background-color":"var(--ast-global-color-5)","background-image":"","background-repeat":"repeat","background-position":"center center","background-size":"auto","background-attachment":"scroll","background-type":"","background-media":"","overlay-type":"","overlay-color":"","overlay-opacity":"","overlay-gradient":""}}},"product_categories":[357],"inhaltsart":[],"class_list":["post-6345","product","type-product","status-publish","has-post-thumbnail","hentry","product_categories-vinsliqueureux"],"acf":[],"yoast_head":"<!-- This site is optimized with the Yoast SEO plugin v26.7 - https:\/\/yoast.com\/wordpress\/plugins\/seo\/ -->\n<title>Bodegas Tradici\u00f2n Sherry | Charles Hofer SA<\/title>\n<meta name=\"robots\" content=\"index, follow, max-snippet:-1, max-image-preview:large, max-video-preview:-1\" \/>\n<link rel=\"canonical\" href=\"https:\/\/www.charleshofer.ch\/fr\/product\/bodegas-tradicion-sherry\/\" \/>\n<meta property=\"og:locale\" content=\"fr_FR\" \/>\n<meta property=\"og:type\" content=\"article\" \/>\n<meta property=\"og:title\" content=\"Bodegas Tradici\u00f2n Sherry | Charles Hofer SA\" \/>\n<meta property=\"og:description\" content=\"Bodegas Tradici\u00f2n mise sur des m\u00e9thodes de vieillissement traditionnelles. Son but est d\u2019accro\u00eetre la notori\u00e9t\u00e9 des vins et distillats les plus anciens et les plus nobles. Du point de vue historique et du processus de production, le x\u00e9r\u00e8s est un vin unique au monde. Jerez se trouve dans la province de Cadix, au sud-est de [&hellip;]\" \/>\n<meta property=\"og:url\" content=\"https:\/\/www.charleshofer.ch\/fr\/product\/bodegas-tradicion-sherry\/\" \/>\n<meta property=\"og:site_name\" content=\"Charles Hofer SA\" \/>\n<meta property=\"article:modified_time\" content=\"2024-10-01T07:17:36+00:00\" \/>\n<meta property=\"og:image\" content=\"http:\/\/www.charleshofer.ch\/wp-content\/uploads\/2020\/03\/swe_bod.jpg\" \/>\n\t<meta property=\"og:image:width\" content=\"2100\" \/>\n\t<meta property=\"og:image:height\" content=\"1400\" \/>\n\t<meta property=\"og:image:type\" content=\"image\/jpeg\" \/>\n<meta name=\"twitter:card\" content=\"summary_large_image\" \/>\n<meta name=\"twitter:label1\" content=\"Dur\u00e9e de lecture estim\u00e9e\" \/>\n\t<meta name=\"twitter:data1\" content=\"2 minutes\" \/>\n<script type=\"application\/ld+json\" class=\"yoast-schema-graph\">{\"@context\":\"https:\/\/schema.org\",\"@graph\":[{\"@type\":\"WebPage\",\"@id\":\"https:\/\/www.charleshofer.ch\/fr\/product\/bodegas-tradicion-sherry\/\",\"url\":\"https:\/\/www.charleshofer.ch\/fr\/product\/bodegas-tradicion-sherry\/\",\"name\":\"Bodegas Tradici\u00f2n Sherry | Charles Hofer SA\",\"isPartOf\":{\"@id\":\"https:\/\/www.charleshofer.ch\/#website\"},\"primaryImageOfPage\":{\"@id\":\"https:\/\/www.charleshofer.ch\/fr\/product\/bodegas-tradicion-sherry\/#primaryimage\"},\"image\":{\"@id\":\"https:\/\/www.charleshofer.ch\/fr\/product\/bodegas-tradicion-sherry\/#primaryimage\"},\"thumbnailUrl\":\"https:\/\/www.charleshofer.ch\/wp-content\/uploads\/2020\/03\/swe_bod.jpg\",\"datePublished\":\"2019-11-07T15:35:44+00:00\",\"dateModified\":\"2024-10-01T07:17:36+00:00\",\"breadcrumb\":{\"@id\":\"https:\/\/www.charleshofer.ch\/fr\/product\/bodegas-tradicion-sherry\/#breadcrumb\"},\"inLanguage\":\"fr-FR\",\"potentialAction\":[{\"@type\":\"ReadAction\",\"target\":[\"https:\/\/www.charleshofer.ch\/fr\/product\/bodegas-tradicion-sherry\/\"]}]},{\"@type\":\"ImageObject\",\"inLanguage\":\"fr-FR\",\"@id\":\"https:\/\/www.charleshofer.ch\/fr\/product\/bodegas-tradicion-sherry\/#primaryimage\",\"url\":\"https:\/\/www.charleshofer.ch\/wp-content\/uploads\/2020\/03\/swe_bod.jpg\",\"contentUrl\":\"https:\/\/www.charleshofer.ch\/wp-content\/uploads\/2020\/03\/swe_bod.jpg\",\"width\":2100,\"height\":1400},{\"@type\":\"BreadcrumbList\",\"@id\":\"https:\/\/www.charleshofer.ch\/fr\/product\/bodegas-tradicion-sherry\/#breadcrumb\",\"itemListElement\":[{\"@type\":\"ListItem\",\"position\":1,\"name\":\"Startseite\",\"item\":\"https:\/\/www.charleshofer.ch\/\"},{\"@type\":\"ListItem\",\"position\":2,\"name\":\"Products\",\"item\":\"https:\/\/www.charleshofer.ch\/product\/\"},{\"@type\":\"ListItem\",\"position\":3,\"name\":\"Bodegas Tradici\u00f2n Sherry\"}]},{\"@type\":\"WebSite\",\"@id\":\"https:\/\/www.charleshofer.ch\/#website\",\"url\":\"https:\/\/www.charleshofer.ch\/\",\"name\":\"Charles Hofer SA\",\"description\":\"Fine Spirits &amp; Wines\",\"publisher\":{\"@id\":\"https:\/\/www.charleshofer.ch\/#organization\"},\"potentialAction\":[{\"@type\":\"SearchAction\",\"target\":{\"@type\":\"EntryPoint\",\"urlTemplate\":\"https:\/\/www.charleshofer.ch\/?s={search_term_string}\"},\"query-input\":{\"@type\":\"PropertyValueSpecification\",\"valueRequired\":true,\"valueName\":\"search_term_string\"}}],\"inLanguage\":\"fr-FR\"},{\"@type\":\"Organization\",\"@id\":\"https:\/\/www.charleshofer.ch\/#organization\",\"name\":\"Charles Hofer SA\",\"url\":\"https:\/\/www.charleshofer.ch\/\",\"logo\":{\"@type\":\"ImageObject\",\"inLanguage\":\"fr-FR\",\"@id\":\"https:\/\/www.charleshofer.ch\/#\/schema\/logo\/image\/\",\"url\":\"https:\/\/www.charleshofer.ch\/wp-content\/uploads\/2014\/01\/chhofer_logo_0.png\",\"contentUrl\":\"https:\/\/www.charleshofer.ch\/wp-content\/uploads\/2014\/01\/chhofer_logo_0.png\",\"width\":175,\"height\":217,\"caption\":\"Charles Hofer SA\"},\"image\":{\"@id\":\"https:\/\/www.charleshofer.ch\/#\/schema\/logo\/image\/\"}}]}<\/script>\n<!-- \/ Yoast SEO plugin. -->","yoast_head_json":{"title":"Bodegas Tradici\u00f2n Sherry | Charles Hofer SA","robots":{"index":"index","follow":"follow","max-snippet":"max-snippet:-1","max-image-preview":"max-image-preview:large","max-video-preview":"max-video-preview:-1"},"canonical":"https:\/\/www.charleshofer.ch\/fr\/product\/bodegas-tradicion-sherry\/","og_locale":"fr_FR","og_type":"article","og_title":"Bodegas Tradici\u00f2n Sherry | Charles Hofer SA","og_description":"Bodegas Tradici\u00f2n mise sur des m\u00e9thodes de vieillissement traditionnelles. Son but est d\u2019accro\u00eetre la notori\u00e9t\u00e9 des vins et distillats les plus anciens et les plus nobles. Du point de vue historique et du processus de production, le x\u00e9r\u00e8s est un vin unique au monde. Jerez se trouve dans la province de Cadix, au sud-est de [&hellip;]","og_url":"https:\/\/www.charleshofer.ch\/fr\/product\/bodegas-tradicion-sherry\/","og_site_name":"Charles Hofer SA","article_modified_time":"2024-10-01T07:17:36+00:00","og_image":[{"width":2100,"height":1400,"url":"http:\/\/www.charleshofer.ch\/wp-content\/uploads\/2020\/03\/swe_bod.jpg","type":"image\/jpeg"}],"twitter_card":"summary_large_image","twitter_misc":{"Dur\u00e9e de lecture estim\u00e9e":"2 minutes"},"schema":{"@context":"https:\/\/schema.org","@graph":[{"@type":"WebPage","@id":"https:\/\/www.charleshofer.ch\/fr\/product\/bodegas-tradicion-sherry\/","url":"https:\/\/www.charleshofer.ch\/fr\/product\/bodegas-tradicion-sherry\/","name":"Bodegas Tradici\u00f2n Sherry | Charles Hofer SA","isPartOf":{"@id":"https:\/\/www.charleshofer.ch\/#website"},"primaryImageOfPage":{"@id":"https:\/\/www.charleshofer.ch\/fr\/product\/bodegas-tradicion-sherry\/#primaryimage"},"image":{"@id":"https:\/\/www.charleshofer.ch\/fr\/product\/bodegas-tradicion-sherry\/#primaryimage"},"thumbnailUrl":"https:\/\/www.charleshofer.ch\/wp-content\/uploads\/2020\/03\/swe_bod.jpg","datePublished":"2019-11-07T15:35:44+00:00","dateModified":"2024-10-01T07:17:36+00:00","breadcrumb":{"@id":"https:\/\/www.charleshofer.ch\/fr\/product\/bodegas-tradicion-sherry\/#breadcrumb"},"inLanguage":"fr-FR","potentialAction":[{"@type":"ReadAction","target":["https:\/\/www.charleshofer.ch\/fr\/product\/bodegas-tradicion-sherry\/"]}]},{"@type":"ImageObject","inLanguage":"fr-FR","@id":"https:\/\/www.charleshofer.ch\/fr\/product\/bodegas-tradicion-sherry\/#primaryimage","url":"https:\/\/www.charleshofer.ch\/wp-content\/uploads\/2020\/03\/swe_bod.jpg","contentUrl":"https:\/\/www.charleshofer.ch\/wp-content\/uploads\/2020\/03\/swe_bod.jpg","width":2100,"height":1400},{"@type":"BreadcrumbList","@id":"https:\/\/www.charleshofer.ch\/fr\/product\/bodegas-tradicion-sherry\/#breadcrumb","itemListElement":[{"@type":"ListItem","position":1,"name":"Startseite","item":"https:\/\/www.charleshofer.ch\/"},{"@type":"ListItem","position":2,"name":"Products","item":"https:\/\/www.charleshofer.ch\/product\/"},{"@type":"ListItem","position":3,"name":"Bodegas Tradici\u00f2n Sherry"}]},{"@type":"WebSite","@id":"https:\/\/www.charleshofer.ch\/#website","url":"https:\/\/www.charleshofer.ch\/","name":"Charles Hofer SA","description":"Fine Spirits &amp; Wines","publisher":{"@id":"https:\/\/www.charleshofer.ch\/#organization"},"potentialAction":[{"@type":"SearchAction","target":{"@type":"EntryPoint","urlTemplate":"https:\/\/www.charleshofer.ch\/?s={search_term_string}"},"query-input":{"@type":"PropertyValueSpecification","valueRequired":true,"valueName":"search_term_string"}}],"inLanguage":"fr-FR"},{"@type":"Organization","@id":"https:\/\/www.charleshofer.ch\/#organization","name":"Charles Hofer SA","url":"https:\/\/www.charleshofer.ch\/","logo":{"@type":"ImageObject","inLanguage":"fr-FR","@id":"https:\/\/www.charleshofer.ch\/#\/schema\/logo\/image\/","url":"https:\/\/www.charleshofer.ch\/wp-content\/uploads\/2014\/01\/chhofer_logo_0.png","contentUrl":"https:\/\/www.charleshofer.ch\/wp-content\/uploads\/2014\/01\/chhofer_logo_0.png","width":175,"height":217,"caption":"Charles Hofer SA"},"image":{"@id":"https:\/\/www.charleshofer.ch\/#\/schema\/logo\/image\/"}}]}},"_links":{"self":[{"href":"https:\/\/www.charleshofer.ch\/fr\/wp-json\/wp\/v2\/product\/6345","targetHints":{"allow":["GET"]}}],"collection":[{"href":"https:\/\/www.charleshofer.ch\/fr\/wp-json\/wp\/v2\/product"}],"about":[{"href":"https:\/\/www.charleshofer.ch\/fr\/wp-json\/wp\/v2\/types\/product"}],"author":[{"embeddable":true,"href":"https:\/\/www.charleshofer.ch\/fr\/wp-json\/wp\/v2\/users\/5"}],"wp:featuredmedia":[{"embeddable":true,"href":"https:\/\/www.charleshofer.ch\/fr\/wp-json\/wp\/v2\/media\/6668"}],"wp:attachment":[{"href":"https:\/\/www.charleshofer.ch\/fr\/wp-json\/wp\/v2\/media?parent=6345"}],"wp:term":[{"taxonomy":"product_categories","embeddable":true,"href":"https:\/\/www.charleshofer.ch\/fr\/wp-json\/wp\/v2\/product_categories?post=6345"},{"taxonomy":"inhaltsart","embeddable":true,"href":"https:\/\/www.charleshofer.ch\/fr\/wp-json\/wp\/v2\/inhaltsart?post=6345"}],"curies":[{"name":"wp","href":"https:\/\/api.w.org\/{rel}","templated":true}]}}