{"id":6377,"date":"2019-11-07T16:35:50","date_gmt":"2019-11-07T15:35:50","guid":{"rendered":"https:\/\/chhofer.wpengine.com\/product\/mastersons-canadian-rye-whiskey\/"},"modified":"2024-10-01T11:26:32","modified_gmt":"2024-10-01T09:26:32","slug":"mastersons-canadian-rye-whiskey","status":"publish","type":"product","link":"https:\/\/www.charleshofer.ch\/fr\/product\/mastersons-canadian-rye-whiskey\/","title":{"rendered":"Masterson\u2019s Canadian Rye Whiskey"},"content":{"rendered":"\n<p><strong>Les whiskeys de la s\u00e9rie Masterson sont produits \u00e0 Calgary par Alberta Distillers Limited.<\/strong><\/p>\n\n\n\n<p>Les whiskeys \u00e0 base de seigle (Rye) sont vieillis dans des f\u00fbts s\u00e9lectionn\u00e9s. Ils sont produits pour la 3 Badge Beverage Corporation californienne. Chaque production est fabriqu\u00e9e en petite s\u00e9rie et chaque bouteille est num\u00e9rot\u00e9e \u00e0 la main.<\/p>\n\n\n\n<p>Le nom des whiskeys est inspir\u00e9 par le Canadien William Masterson, l\u2019une des personnalit\u00e9s les plus c\u00e9l\u00e8bres de l\u2019Ouest sauvage. Il n\u2019\u00e9tait pas seulement chasseur de buffles, joueur de cartes, mar\u00e9chal am\u00e9ricain et ch\u00e9rif local mais il fut aussi apr\u00e8s sa retraite \u00e0 New-York l\u2019un des journalistes sportifs et r\u00e9dacteurs les plus en vue.<\/p>\n\n\n\n<p>C\u2019est aussi la fascination pour la c\u00e9l\u00e8bre symbiose entre les saloons, les jeux de cartes et le whisky du temps des sp\u00e9cialistes de la g\u00e2chette dans le Far West qui a conduit le responsable de la coporation, August Sebastiani, \u00e0 choisir ce nom.<\/p>\n","protected":false},"excerpt":{"rendered":"<p>Les whiskeys de la s\u00e9rie Masterson sont produits \u00e0 Calgary par Alberta Distillers Limited. Les whiskeys \u00e0 base de seigle (Rye) sont vieillis dans des f\u00fbts s\u00e9lectionn\u00e9s. Ils sont produits pour la 3 Badge Beverage Corporation californienne. Chaque production est fabriqu\u00e9e en petite s\u00e9rie et chaque bouteille est num\u00e9rot\u00e9e \u00e0 la main. Le nom des [&hellip;]<\/p>\n","protected":false},"author":5,"featured_media":6764,"parent":0,"template":"","meta":{"_acf_changed":true,"site-sidebar-layout":"default","site-content-layout":"default","ast-site-content-layout":"default","site-content-style":"default","site-sidebar-style":"default","ast-global-header-display":"","ast-banner-title-visibility":"","ast-main-header-display":"","ast-hfb-above-header-display":"","ast-hfb-below-header-display":"","ast-hfb-mobile-header-display":"","site-post-title":"","ast-breadcrumbs-content":"","ast-featured-img":"","footer-sml-layout":"","ast-disable-related-posts":"","theme-transparent-header-meta":"default","adv-header-id-meta":"","stick-header-meta":"default","header-above-stick-meta":"","header-main-stick-meta":"","header-below-stick-meta":"","astra-migrate-meta-layouts":"set","ast-page-background-enabled":"default","ast-page-background-meta":{"desktop":{"background-color":"","background-image":"","background-repeat":"repeat","background-position":"center center","background-size":"auto","background-attachment":"scroll","background-type":"","background-media":"","overlay-type":"","overlay-color":"","overlay-opacity":"","overlay-gradient":""},"tablet":{"background-color":"","background-image":"","background-repeat":"repeat","background-position":"center center","background-size":"auto","background-attachment":"scroll","background-type":"","background-media":"","overlay-type":"","overlay-color":"","overlay-opacity":"","overlay-gradient":""},"mobile":{"background-color":"","background-image":"","background-repeat":"repeat","background-position":"center center","background-size":"auto","background-attachment":"scroll","background-type":"","background-media":"","overlay-type":"","overlay-color":"","overlay-opacity":"","overlay-gradient":""}},"ast-content-background-meta":{"desktop":{"background-color":"var(--ast-global-color-5)","background-image":"","background-repeat":"repeat","background-position":"center center","background-size":"auto","background-attachment":"scroll","background-type":"","background-media":"","overlay-type":"","overlay-color":"","overlay-opacity":"","overlay-gradient":""},"tablet":{"background-color":"var(--ast-global-color-5)","background-image":"","background-repeat":"repeat","background-position":"center center","background-size":"auto","background-attachment":"scroll","background-type":"","background-media":"","overlay-type":"","overlay-color":"","overlay-opacity":"","overlay-gradient":""},"mobile":{"background-color":"var(--ast-global-color-5)","background-image":"","background-repeat":"repeat","background-position":"center center","background-size":"auto","background-attachment":"scroll","background-type":"","background-media":"","overlay-type":"","overlay-color":"","overlay-opacity":"","overlay-gradient":""}}},"product_categories":[397],"inhaltsart":[],"class_list":["post-6377","product","type-product","status-publish","has-post-thumbnail","hentry","product_categories-whiskey-etats-unis-et-canada"],"acf":[],"yoast_head":"<!-- This site is optimized with the Yoast SEO plugin v26.7 - https:\/\/yoast.com\/wordpress\/plugins\/seo\/ -->\n<title>Masterson\u2019s Canadian Rye Whiskey | Charles Hofer SA<\/title>\n<meta name=\"robots\" content=\"index, follow, max-snippet:-1, max-image-preview:large, max-video-preview:-1\" \/>\n<link rel=\"canonical\" href=\"https:\/\/www.charleshofer.ch\/fr\/product\/mastersons-canadian-rye-whiskey\/\" \/>\n<meta property=\"og:locale\" content=\"fr_FR\" \/>\n<meta property=\"og:type\" content=\"article\" \/>\n<meta property=\"og:title\" content=\"Masterson\u2019s Canadian Rye Whiskey | Charles Hofer SA\" \/>\n<meta property=\"og:description\" content=\"Les whiskeys de la s\u00e9rie Masterson sont produits \u00e0 Calgary par Alberta Distillers Limited. Les whiskeys \u00e0 base de seigle (Rye) sont vieillis dans des f\u00fbts s\u00e9lectionn\u00e9s. Ils sont produits pour la 3 Badge Beverage Corporation californienne. Chaque production est fabriqu\u00e9e en petite s\u00e9rie et chaque bouteille est num\u00e9rot\u00e9e \u00e0 la main. Le nom des [&hellip;]\" \/>\n<meta property=\"og:url\" content=\"https:\/\/www.charleshofer.ch\/fr\/product\/mastersons-canadian-rye-whiskey\/\" \/>\n<meta property=\"og:site_name\" content=\"Charles Hofer SA\" \/>\n<meta property=\"article:modified_time\" content=\"2024-10-01T09:26:32+00:00\" \/>\n<meta property=\"og:image\" content=\"http:\/\/www.charleshofer.ch\/wp-content\/uploads\/2020\/03\/whi_mas.jpg\" \/>\n\t<meta property=\"og:image:width\" content=\"2100\" \/>\n\t<meta property=\"og:image:height\" content=\"1400\" \/>\n\t<meta property=\"og:image:type\" content=\"image\/jpeg\" \/>\n<meta name=\"twitter:card\" content=\"summary_large_image\" \/>\n<meta name=\"twitter:label1\" content=\"Dur\u00e9e de lecture estim\u00e9e\" \/>\n\t<meta name=\"twitter:data1\" content=\"2 minutes\" \/>\n<script type=\"application\/ld+json\" class=\"yoast-schema-graph\">{\"@context\":\"https:\/\/schema.org\",\"@graph\":[{\"@type\":\"WebPage\",\"@id\":\"https:\/\/www.charleshofer.ch\/fr\/product\/mastersons-canadian-rye-whiskey\/\",\"url\":\"https:\/\/www.charleshofer.ch\/fr\/product\/mastersons-canadian-rye-whiskey\/\",\"name\":\"Masterson\u2019s Canadian Rye Whiskey | Charles Hofer SA\",\"isPartOf\":{\"@id\":\"https:\/\/www.charleshofer.ch\/#website\"},\"primaryImageOfPage\":{\"@id\":\"https:\/\/www.charleshofer.ch\/fr\/product\/mastersons-canadian-rye-whiskey\/#primaryimage\"},\"image\":{\"@id\":\"https:\/\/www.charleshofer.ch\/fr\/product\/mastersons-canadian-rye-whiskey\/#primaryimage\"},\"thumbnailUrl\":\"https:\/\/www.charleshofer.ch\/wp-content\/uploads\/2020\/03\/whi_mas.jpg\",\"datePublished\":\"2019-11-07T15:35:50+00:00\",\"dateModified\":\"2024-10-01T09:26:32+00:00\",\"breadcrumb\":{\"@id\":\"https:\/\/www.charleshofer.ch\/fr\/product\/mastersons-canadian-rye-whiskey\/#breadcrumb\"},\"inLanguage\":\"fr-FR\",\"potentialAction\":[{\"@type\":\"ReadAction\",\"target\":[\"https:\/\/www.charleshofer.ch\/fr\/product\/mastersons-canadian-rye-whiskey\/\"]}]},{\"@type\":\"ImageObject\",\"inLanguage\":\"fr-FR\",\"@id\":\"https:\/\/www.charleshofer.ch\/fr\/product\/mastersons-canadian-rye-whiskey\/#primaryimage\",\"url\":\"https:\/\/www.charleshofer.ch\/wp-content\/uploads\/2020\/03\/whi_mas.jpg\",\"contentUrl\":\"https:\/\/www.charleshofer.ch\/wp-content\/uploads\/2020\/03\/whi_mas.jpg\",\"width\":2100,\"height\":1400},{\"@type\":\"BreadcrumbList\",\"@id\":\"https:\/\/www.charleshofer.ch\/fr\/product\/mastersons-canadian-rye-whiskey\/#breadcrumb\",\"itemListElement\":[{\"@type\":\"ListItem\",\"position\":1,\"name\":\"Startseite\",\"item\":\"https:\/\/www.charleshofer.ch\/\"},{\"@type\":\"ListItem\",\"position\":2,\"name\":\"Products\",\"item\":\"https:\/\/www.charleshofer.ch\/product\/\"},{\"@type\":\"ListItem\",\"position\":3,\"name\":\"Masterson\u2019s Canadian Rye Whiskey\"}]},{\"@type\":\"WebSite\",\"@id\":\"https:\/\/www.charleshofer.ch\/#website\",\"url\":\"https:\/\/www.charleshofer.ch\/\",\"name\":\"Charles Hofer SA\",\"description\":\"Fine Spirits &amp; Wines\",\"publisher\":{\"@id\":\"https:\/\/www.charleshofer.ch\/#organization\"},\"potentialAction\":[{\"@type\":\"SearchAction\",\"target\":{\"@type\":\"EntryPoint\",\"urlTemplate\":\"https:\/\/www.charleshofer.ch\/?s={search_term_string}\"},\"query-input\":{\"@type\":\"PropertyValueSpecification\",\"valueRequired\":true,\"valueName\":\"search_term_string\"}}],\"inLanguage\":\"fr-FR\"},{\"@type\":\"Organization\",\"@id\":\"https:\/\/www.charleshofer.ch\/#organization\",\"name\":\"Charles Hofer SA\",\"url\":\"https:\/\/www.charleshofer.ch\/\",\"logo\":{\"@type\":\"ImageObject\",\"inLanguage\":\"fr-FR\",\"@id\":\"https:\/\/www.charleshofer.ch\/#\/schema\/logo\/image\/\",\"url\":\"https:\/\/www.charleshofer.ch\/wp-content\/uploads\/2014\/01\/chhofer_logo_0.png\",\"contentUrl\":\"https:\/\/www.charleshofer.ch\/wp-content\/uploads\/2014\/01\/chhofer_logo_0.png\",\"width\":175,\"height\":217,\"caption\":\"Charles Hofer SA\"},\"image\":{\"@id\":\"https:\/\/www.charleshofer.ch\/#\/schema\/logo\/image\/\"}}]}<\/script>\n<!-- \/ Yoast SEO plugin. -->","yoast_head_json":{"title":"Masterson\u2019s Canadian Rye Whiskey | Charles Hofer SA","robots":{"index":"index","follow":"follow","max-snippet":"max-snippet:-1","max-image-preview":"max-image-preview:large","max-video-preview":"max-video-preview:-1"},"canonical":"https:\/\/www.charleshofer.ch\/fr\/product\/mastersons-canadian-rye-whiskey\/","og_locale":"fr_FR","og_type":"article","og_title":"Masterson\u2019s Canadian Rye Whiskey | Charles Hofer SA","og_description":"Les whiskeys de la s\u00e9rie Masterson sont produits \u00e0 Calgary par Alberta Distillers Limited. Les whiskeys \u00e0 base de seigle (Rye) sont vieillis dans des f\u00fbts s\u00e9lectionn\u00e9s. Ils sont produits pour la 3 Badge Beverage Corporation californienne. Chaque production est fabriqu\u00e9e en petite s\u00e9rie et chaque bouteille est num\u00e9rot\u00e9e \u00e0 la main. Le nom des [&hellip;]","og_url":"https:\/\/www.charleshofer.ch\/fr\/product\/mastersons-canadian-rye-whiskey\/","og_site_name":"Charles Hofer SA","article_modified_time":"2024-10-01T09:26:32+00:00","og_image":[{"width":2100,"height":1400,"url":"http:\/\/www.charleshofer.ch\/wp-content\/uploads\/2020\/03\/whi_mas.jpg","type":"image\/jpeg"}],"twitter_card":"summary_large_image","twitter_misc":{"Dur\u00e9e de lecture estim\u00e9e":"2 minutes"},"schema":{"@context":"https:\/\/schema.org","@graph":[{"@type":"WebPage","@id":"https:\/\/www.charleshofer.ch\/fr\/product\/mastersons-canadian-rye-whiskey\/","url":"https:\/\/www.charleshofer.ch\/fr\/product\/mastersons-canadian-rye-whiskey\/","name":"Masterson\u2019s Canadian Rye Whiskey | Charles Hofer SA","isPartOf":{"@id":"https:\/\/www.charleshofer.ch\/#website"},"primaryImageOfPage":{"@id":"https:\/\/www.charleshofer.ch\/fr\/product\/mastersons-canadian-rye-whiskey\/#primaryimage"},"image":{"@id":"https:\/\/www.charleshofer.ch\/fr\/product\/mastersons-canadian-rye-whiskey\/#primaryimage"},"thumbnailUrl":"https:\/\/www.charleshofer.ch\/wp-content\/uploads\/2020\/03\/whi_mas.jpg","datePublished":"2019-11-07T15:35:50+00:00","dateModified":"2024-10-01T09:26:32+00:00","breadcrumb":{"@id":"https:\/\/www.charleshofer.ch\/fr\/product\/mastersons-canadian-rye-whiskey\/#breadcrumb"},"inLanguage":"fr-FR","potentialAction":[{"@type":"ReadAction","target":["https:\/\/www.charleshofer.ch\/fr\/product\/mastersons-canadian-rye-whiskey\/"]}]},{"@type":"ImageObject","inLanguage":"fr-FR","@id":"https:\/\/www.charleshofer.ch\/fr\/product\/mastersons-canadian-rye-whiskey\/#primaryimage","url":"https:\/\/www.charleshofer.ch\/wp-content\/uploads\/2020\/03\/whi_mas.jpg","contentUrl":"https:\/\/www.charleshofer.ch\/wp-content\/uploads\/2020\/03\/whi_mas.jpg","width":2100,"height":1400},{"@type":"BreadcrumbList","@id":"https:\/\/www.charleshofer.ch\/fr\/product\/mastersons-canadian-rye-whiskey\/#breadcrumb","itemListElement":[{"@type":"ListItem","position":1,"name":"Startseite","item":"https:\/\/www.charleshofer.ch\/"},{"@type":"ListItem","position":2,"name":"Products","item":"https:\/\/www.charleshofer.ch\/product\/"},{"@type":"ListItem","position":3,"name":"Masterson\u2019s Canadian Rye Whiskey"}]},{"@type":"WebSite","@id":"https:\/\/www.charleshofer.ch\/#website","url":"https:\/\/www.charleshofer.ch\/","name":"Charles Hofer SA","description":"Fine Spirits &amp; Wines","publisher":{"@id":"https:\/\/www.charleshofer.ch\/#organization"},"potentialAction":[{"@type":"SearchAction","target":{"@type":"EntryPoint","urlTemplate":"https:\/\/www.charleshofer.ch\/?s={search_term_string}"},"query-input":{"@type":"PropertyValueSpecification","valueRequired":true,"valueName":"search_term_string"}}],"inLanguage":"fr-FR"},{"@type":"Organization","@id":"https:\/\/www.charleshofer.ch\/#organization","name":"Charles Hofer SA","url":"https:\/\/www.charleshofer.ch\/","logo":{"@type":"ImageObject","inLanguage":"fr-FR","@id":"https:\/\/www.charleshofer.ch\/#\/schema\/logo\/image\/","url":"https:\/\/www.charleshofer.ch\/wp-content\/uploads\/2014\/01\/chhofer_logo_0.png","contentUrl":"https:\/\/www.charleshofer.ch\/wp-content\/uploads\/2014\/01\/chhofer_logo_0.png","width":175,"height":217,"caption":"Charles Hofer SA"},"image":{"@id":"https:\/\/www.charleshofer.ch\/#\/schema\/logo\/image\/"}}]}},"_links":{"self":[{"href":"https:\/\/www.charleshofer.ch\/fr\/wp-json\/wp\/v2\/product\/6377","targetHints":{"allow":["GET"]}}],"collection":[{"href":"https:\/\/www.charleshofer.ch\/fr\/wp-json\/wp\/v2\/product"}],"about":[{"href":"https:\/\/www.charleshofer.ch\/fr\/wp-json\/wp\/v2\/types\/product"}],"author":[{"embeddable":true,"href":"https:\/\/www.charleshofer.ch\/fr\/wp-json\/wp\/v2\/users\/5"}],"wp:featuredmedia":[{"embeddable":true,"href":"https:\/\/www.charleshofer.ch\/fr\/wp-json\/wp\/v2\/media\/6764"}],"wp:attachment":[{"href":"https:\/\/www.charleshofer.ch\/fr\/wp-json\/wp\/v2\/media?parent=6377"}],"wp:term":[{"taxonomy":"product_categories","embeddable":true,"href":"https:\/\/www.charleshofer.ch\/fr\/wp-json\/wp\/v2\/product_categories?post=6377"},{"taxonomy":"inhaltsart","embeddable":true,"href":"https:\/\/www.charleshofer.ch\/fr\/wp-json\/wp\/v2\/inhaltsart?post=6377"}],"curies":[{"name":"wp","href":"https:\/\/api.w.org\/{rel}","templated":true}]}}