{"id":6381,"date":"2019-11-07T16:35:50","date_gmt":"2019-11-07T15:35:50","guid":{"rendered":"https:\/\/chhofer.wpengine.com\/product\/dolin-vermouth\/"},"modified":"2024-10-01T10:05:20","modified_gmt":"2024-10-01T08:05:20","slug":"dolin-vermouth","status":"publish","type":"product","link":"https:\/\/www.charleshofer.ch\/fr\/product\/dolin-vermouth\/","title":{"rendered":"Dolin Vermouth"},"content":{"rendered":"\n<p><strong>\u00c0 l&rsquo;\u00e2ge de 25 ans, Joseph Chavasse fonde une distillerie de liqueurs \u00e0 \u00c9chelles, dans la province du Mont Blanc, o\u00f9 il cr\u00e9e de nombreuses liqueurs. Inspir\u00e9 par les ap\u00e9ritifs de la ville voisine de Turin, Joseph Chavasse cr\u00e9e un nouveau vermouth.<\/strong><\/p>\n\n\n\n<p>Au d\u00e9but, il garde la recette secr\u00e8te. Il fait mac\u00e9rer un nombre pr\u00e9cis d&rsquo;herbes sauvages et d&rsquo;\u00e9pices issues des Alpes environnantes dans du vin blanc de la r\u00e9gion. En 1830, il d\u00e9m\u00e9nage sa distillerie \u00e0 Chamb\u00e9ry, o\u00f9 sa fille Marie Rosalie est n\u00e9e. Celle-ci \u00e9pouse par la suite Louis-Ferdinand Dolin, qui entre alors bient\u00f4t dans l&rsquo;entreprise de son beau-p\u00e8re et \u00e0 laquelle il donnera finalement son nom.<\/p>\n\n\n\n<p>Les trois produits \u00ab Le Vermouth Dry \u00bb, \u00ab Le Vermouth Rouge \u00bb et \u00ab Le Vermouth Blanc \u00bb se basent tous \u00e0 100 % sur du vin blanc de la r\u00e9gion de type Ugni Blanc, auquel sont ajout\u00e9es jusqu&rsquo;\u00e0 35 plantes et \u00e9pices diff\u00e9rentes en plus du sucre. La \u00ab Chamb\u00e9ryzette \u00bb est une variante du Dry avec un go\u00fbt de fraise fraiche.<\/p>\n","protected":false},"excerpt":{"rendered":"<p>\u00c0 l&rsquo;\u00e2ge de 25 ans, Joseph Chavasse fonde une distillerie de liqueurs \u00e0 \u00c9chelles, dans la province du Mont Blanc, o\u00f9 il cr\u00e9e de nombreuses liqueurs. Inspir\u00e9 par les ap\u00e9ritifs de la ville voisine de Turin, Joseph Chavasse cr\u00e9e un nouveau vermouth. Au d\u00e9but, il garde la recette secr\u00e8te. Il fait mac\u00e9rer un nombre pr\u00e9cis [&hellip;]<\/p>\n","protected":false},"author":5,"featured_media":6530,"parent":0,"template":"","meta":{"_acf_changed":true,"site-sidebar-layout":"default","site-content-layout":"default","ast-site-content-layout":"default","site-content-style":"default","site-sidebar-style":"default","ast-global-header-display":"","ast-banner-title-visibility":"","ast-main-header-display":"","ast-hfb-above-header-display":"","ast-hfb-below-header-display":"","ast-hfb-mobile-header-display":"","site-post-title":"","ast-breadcrumbs-content":"","ast-featured-img":"","footer-sml-layout":"","ast-disable-related-posts":"","theme-transparent-header-meta":"default","adv-header-id-meta":"","stick-header-meta":"default","header-above-stick-meta":"","header-main-stick-meta":"","header-below-stick-meta":"","astra-migrate-meta-layouts":"set","ast-page-background-enabled":"default","ast-page-background-meta":{"desktop":{"background-color":"","background-image":"","background-repeat":"repeat","background-position":"center center","background-size":"auto","background-attachment":"scroll","background-type":"","background-media":"","overlay-type":"","overlay-color":"","overlay-opacity":"","overlay-gradient":""},"tablet":{"background-color":"","background-image":"","background-repeat":"repeat","background-position":"center center","background-size":"auto","background-attachment":"scroll","background-type":"","background-media":"","overlay-type":"","overlay-color":"","overlay-opacity":"","overlay-gradient":""},"mobile":{"background-color":"","background-image":"","background-repeat":"repeat","background-position":"center center","background-size":"auto","background-attachment":"scroll","background-type":"","background-media":"","overlay-type":"","overlay-color":"","overlay-opacity":"","overlay-gradient":""}},"ast-content-background-meta":{"desktop":{"background-color":"var(--ast-global-color-5)","background-image":"","background-repeat":"repeat","background-position":"center center","background-size":"auto","background-attachment":"scroll","background-type":"","background-media":"","overlay-type":"","overlay-color":"","overlay-opacity":"","overlay-gradient":""},"tablet":{"background-color":"var(--ast-global-color-5)","background-image":"","background-repeat":"repeat","background-position":"center center","background-size":"auto","background-attachment":"scroll","background-type":"","background-media":"","overlay-type":"","overlay-color":"","overlay-opacity":"","overlay-gradient":""},"mobile":{"background-color":"var(--ast-global-color-5)","background-image":"","background-repeat":"repeat","background-position":"center center","background-size":"auto","background-attachment":"scroll","background-type":"","background-media":"","overlay-type":"","overlay-color":"","overlay-opacity":"","overlay-gradient":""}}},"product_categories":[361],"inhaltsart":[],"class_list":["post-6381","product","type-product","status-publish","has-post-thumbnail","hentry","product_categories-aperitif-fr"],"acf":[],"yoast_head":"<!-- This site is optimized with the Yoast SEO plugin v27.5 - https:\/\/yoast.com\/product\/yoast-seo-wordpress\/ -->\n<title>Dolin Vermouth | Charles Hofer SA<\/title>\n<meta name=\"robots\" content=\"index, follow, max-snippet:-1, max-image-preview:large, max-video-preview:-1\" \/>\n<link rel=\"canonical\" href=\"https:\/\/www.charleshofer.ch\/fr\/product\/dolin-vermouth\/\" \/>\n<meta property=\"og:locale\" content=\"fr_FR\" \/>\n<meta property=\"og:type\" content=\"article\" \/>\n<meta property=\"og:title\" content=\"Dolin Vermouth | Charles Hofer SA\" \/>\n<meta property=\"og:description\" content=\"\u00c0 l&rsquo;\u00e2ge de 25 ans, Joseph Chavasse fonde une distillerie de liqueurs \u00e0 \u00c9chelles, dans la province du Mont Blanc, o\u00f9 il cr\u00e9e de nombreuses liqueurs. Inspir\u00e9 par les ap\u00e9ritifs de la ville voisine de Turin, Joseph Chavasse cr\u00e9e un nouveau vermouth. Au d\u00e9but, il garde la recette secr\u00e8te. Il fait mac\u00e9rer un nombre pr\u00e9cis [&hellip;]\" \/>\n<meta property=\"og:url\" content=\"https:\/\/www.charleshofer.ch\/fr\/product\/dolin-vermouth\/\" \/>\n<meta property=\"og:site_name\" content=\"Charles Hofer SA\" \/>\n<meta property=\"article:modified_time\" content=\"2024-10-01T08:05:20+00:00\" \/>\n<meta property=\"og:image\" content=\"http:\/\/www.charleshofer.ch\/wp-content\/uploads\/2020\/03\/ape_dol_1.jpg\" \/>\n\t<meta property=\"og:image:width\" content=\"2100\" \/>\n\t<meta property=\"og:image:height\" content=\"1400\" \/>\n\t<meta property=\"og:image:type\" content=\"image\/jpeg\" \/>\n<meta name=\"twitter:card\" content=\"summary_large_image\" \/>\n<meta name=\"twitter:label1\" content=\"Dur\u00e9e de lecture estim\u00e9e\" \/>\n\t<meta name=\"twitter:data1\" content=\"2 minutes\" \/>\n<script type=\"application\/ld+json\" class=\"yoast-schema-graph\">{\"@context\":\"https:\\\/\\\/schema.org\",\"@graph\":[{\"@type\":\"WebPage\",\"@id\":\"https:\\\/\\\/www.charleshofer.ch\\\/fr\\\/product\\\/dolin-vermouth\\\/\",\"url\":\"https:\\\/\\\/www.charleshofer.ch\\\/fr\\\/product\\\/dolin-vermouth\\\/\",\"name\":\"Dolin Vermouth | Charles Hofer SA\",\"isPartOf\":{\"@id\":\"https:\\\/\\\/www.charleshofer.ch\\\/#website\"},\"primaryImageOfPage\":{\"@id\":\"https:\\\/\\\/www.charleshofer.ch\\\/fr\\\/product\\\/dolin-vermouth\\\/#primaryimage\"},\"image\":{\"@id\":\"https:\\\/\\\/www.charleshofer.ch\\\/fr\\\/product\\\/dolin-vermouth\\\/#primaryimage\"},\"thumbnailUrl\":\"https:\\\/\\\/www.charleshofer.ch\\\/wp-content\\\/uploads\\\/2020\\\/03\\\/ape_dol_1.jpg\",\"datePublished\":\"2019-11-07T15:35:50+00:00\",\"dateModified\":\"2024-10-01T08:05:20+00:00\",\"breadcrumb\":{\"@id\":\"https:\\\/\\\/www.charleshofer.ch\\\/fr\\\/product\\\/dolin-vermouth\\\/#breadcrumb\"},\"inLanguage\":\"fr-FR\",\"potentialAction\":[{\"@type\":\"ReadAction\",\"target\":[\"https:\\\/\\\/www.charleshofer.ch\\\/fr\\\/product\\\/dolin-vermouth\\\/\"]}]},{\"@type\":\"ImageObject\",\"inLanguage\":\"fr-FR\",\"@id\":\"https:\\\/\\\/www.charleshofer.ch\\\/fr\\\/product\\\/dolin-vermouth\\\/#primaryimage\",\"url\":\"https:\\\/\\\/www.charleshofer.ch\\\/wp-content\\\/uploads\\\/2020\\\/03\\\/ape_dol_1.jpg\",\"contentUrl\":\"https:\\\/\\\/www.charleshofer.ch\\\/wp-content\\\/uploads\\\/2020\\\/03\\\/ape_dol_1.jpg\",\"width\":2100,\"height\":1400},{\"@type\":\"BreadcrumbList\",\"@id\":\"https:\\\/\\\/www.charleshofer.ch\\\/fr\\\/product\\\/dolin-vermouth\\\/#breadcrumb\",\"itemListElement\":[{\"@type\":\"ListItem\",\"position\":1,\"name\":\"Startseite\",\"item\":\"https:\\\/\\\/www.charleshofer.ch\\\/\"},{\"@type\":\"ListItem\",\"position\":2,\"name\":\"Products\",\"item\":\"https:\\\/\\\/www.charleshofer.ch\\\/product\\\/\"},{\"@type\":\"ListItem\",\"position\":3,\"name\":\"Dolin Vermouth\"}]},{\"@type\":\"WebSite\",\"@id\":\"https:\\\/\\\/www.charleshofer.ch\\\/#website\",\"url\":\"https:\\\/\\\/www.charleshofer.ch\\\/\",\"name\":\"Charles Hofer SA\",\"description\":\"Fine Spirits &amp; Wines\",\"publisher\":{\"@id\":\"https:\\\/\\\/www.charleshofer.ch\\\/#organization\"},\"potentialAction\":[{\"@type\":\"SearchAction\",\"target\":{\"@type\":\"EntryPoint\",\"urlTemplate\":\"https:\\\/\\\/www.charleshofer.ch\\\/?s={search_term_string}\"},\"query-input\":{\"@type\":\"PropertyValueSpecification\",\"valueRequired\":true,\"valueName\":\"search_term_string\"}}],\"inLanguage\":\"fr-FR\"},{\"@type\":\"Organization\",\"@id\":\"https:\\\/\\\/www.charleshofer.ch\\\/#organization\",\"name\":\"Charles Hofer SA\",\"url\":\"https:\\\/\\\/www.charleshofer.ch\\\/\",\"logo\":{\"@type\":\"ImageObject\",\"inLanguage\":\"fr-FR\",\"@id\":\"https:\\\/\\\/www.charleshofer.ch\\\/#\\\/schema\\\/logo\\\/image\\\/\",\"url\":\"https:\\\/\\\/www.charleshofer.ch\\\/wp-content\\\/uploads\\\/2014\\\/01\\\/chhofer_logo_0.png\",\"contentUrl\":\"https:\\\/\\\/www.charleshofer.ch\\\/wp-content\\\/uploads\\\/2014\\\/01\\\/chhofer_logo_0.png\",\"width\":175,\"height\":217,\"caption\":\"Charles Hofer SA\"},\"image\":{\"@id\":\"https:\\\/\\\/www.charleshofer.ch\\\/#\\\/schema\\\/logo\\\/image\\\/\"}}]}<\/script>\n<!-- \/ Yoast SEO plugin. -->","yoast_head_json":{"title":"Dolin Vermouth | Charles Hofer SA","robots":{"index":"index","follow":"follow","max-snippet":"max-snippet:-1","max-image-preview":"max-image-preview:large","max-video-preview":"max-video-preview:-1"},"canonical":"https:\/\/www.charleshofer.ch\/fr\/product\/dolin-vermouth\/","og_locale":"fr_FR","og_type":"article","og_title":"Dolin Vermouth | Charles Hofer SA","og_description":"\u00c0 l&rsquo;\u00e2ge de 25 ans, Joseph Chavasse fonde une distillerie de liqueurs \u00e0 \u00c9chelles, dans la province du Mont Blanc, o\u00f9 il cr\u00e9e de nombreuses liqueurs. Inspir\u00e9 par les ap\u00e9ritifs de la ville voisine de Turin, Joseph Chavasse cr\u00e9e un nouveau vermouth. Au d\u00e9but, il garde la recette secr\u00e8te. Il fait mac\u00e9rer un nombre pr\u00e9cis [&hellip;]","og_url":"https:\/\/www.charleshofer.ch\/fr\/product\/dolin-vermouth\/","og_site_name":"Charles Hofer SA","article_modified_time":"2024-10-01T08:05:20+00:00","og_image":[{"width":2100,"height":1400,"url":"http:\/\/www.charleshofer.ch\/wp-content\/uploads\/2020\/03\/ape_dol_1.jpg","type":"image\/jpeg"}],"twitter_card":"summary_large_image","twitter_misc":{"Dur\u00e9e de lecture estim\u00e9e":"2 minutes"},"schema":{"@context":"https:\/\/schema.org","@graph":[{"@type":"WebPage","@id":"https:\/\/www.charleshofer.ch\/fr\/product\/dolin-vermouth\/","url":"https:\/\/www.charleshofer.ch\/fr\/product\/dolin-vermouth\/","name":"Dolin Vermouth | Charles Hofer SA","isPartOf":{"@id":"https:\/\/www.charleshofer.ch\/#website"},"primaryImageOfPage":{"@id":"https:\/\/www.charleshofer.ch\/fr\/product\/dolin-vermouth\/#primaryimage"},"image":{"@id":"https:\/\/www.charleshofer.ch\/fr\/product\/dolin-vermouth\/#primaryimage"},"thumbnailUrl":"https:\/\/www.charleshofer.ch\/wp-content\/uploads\/2020\/03\/ape_dol_1.jpg","datePublished":"2019-11-07T15:35:50+00:00","dateModified":"2024-10-01T08:05:20+00:00","breadcrumb":{"@id":"https:\/\/www.charleshofer.ch\/fr\/product\/dolin-vermouth\/#breadcrumb"},"inLanguage":"fr-FR","potentialAction":[{"@type":"ReadAction","target":["https:\/\/www.charleshofer.ch\/fr\/product\/dolin-vermouth\/"]}]},{"@type":"ImageObject","inLanguage":"fr-FR","@id":"https:\/\/www.charleshofer.ch\/fr\/product\/dolin-vermouth\/#primaryimage","url":"https:\/\/www.charleshofer.ch\/wp-content\/uploads\/2020\/03\/ape_dol_1.jpg","contentUrl":"https:\/\/www.charleshofer.ch\/wp-content\/uploads\/2020\/03\/ape_dol_1.jpg","width":2100,"height":1400},{"@type":"BreadcrumbList","@id":"https:\/\/www.charleshofer.ch\/fr\/product\/dolin-vermouth\/#breadcrumb","itemListElement":[{"@type":"ListItem","position":1,"name":"Startseite","item":"https:\/\/www.charleshofer.ch\/"},{"@type":"ListItem","position":2,"name":"Products","item":"https:\/\/www.charleshofer.ch\/product\/"},{"@type":"ListItem","position":3,"name":"Dolin Vermouth"}]},{"@type":"WebSite","@id":"https:\/\/www.charleshofer.ch\/#website","url":"https:\/\/www.charleshofer.ch\/","name":"Charles Hofer SA","description":"Fine Spirits &amp; Wines","publisher":{"@id":"https:\/\/www.charleshofer.ch\/#organization"},"potentialAction":[{"@type":"SearchAction","target":{"@type":"EntryPoint","urlTemplate":"https:\/\/www.charleshofer.ch\/?s={search_term_string}"},"query-input":{"@type":"PropertyValueSpecification","valueRequired":true,"valueName":"search_term_string"}}],"inLanguage":"fr-FR"},{"@type":"Organization","@id":"https:\/\/www.charleshofer.ch\/#organization","name":"Charles Hofer SA","url":"https:\/\/www.charleshofer.ch\/","logo":{"@type":"ImageObject","inLanguage":"fr-FR","@id":"https:\/\/www.charleshofer.ch\/#\/schema\/logo\/image\/","url":"https:\/\/www.charleshofer.ch\/wp-content\/uploads\/2014\/01\/chhofer_logo_0.png","contentUrl":"https:\/\/www.charleshofer.ch\/wp-content\/uploads\/2014\/01\/chhofer_logo_0.png","width":175,"height":217,"caption":"Charles Hofer SA"},"image":{"@id":"https:\/\/www.charleshofer.ch\/#\/schema\/logo\/image\/"}}]}},"_links":{"self":[{"href":"https:\/\/www.charleshofer.ch\/fr\/wp-json\/wp\/v2\/product\/6381","targetHints":{"allow":["GET"]}}],"collection":[{"href":"https:\/\/www.charleshofer.ch\/fr\/wp-json\/wp\/v2\/product"}],"about":[{"href":"https:\/\/www.charleshofer.ch\/fr\/wp-json\/wp\/v2\/types\/product"}],"author":[{"embeddable":true,"href":"https:\/\/www.charleshofer.ch\/fr\/wp-json\/wp\/v2\/users\/5"}],"wp:featuredmedia":[{"embeddable":true,"href":"https:\/\/www.charleshofer.ch\/fr\/wp-json\/wp\/v2\/media\/6530"}],"wp:attachment":[{"href":"https:\/\/www.charleshofer.ch\/fr\/wp-json\/wp\/v2\/media?parent=6381"}],"wp:term":[{"taxonomy":"product_categories","embeddable":true,"href":"https:\/\/www.charleshofer.ch\/fr\/wp-json\/wp\/v2\/product_categories?post=6381"},{"taxonomy":"inhaltsart","embeddable":true,"href":"https:\/\/www.charleshofer.ch\/fr\/wp-json\/wp\/v2\/inhaltsart?post=6381"}],"curies":[{"name":"wp","href":"https:\/\/api.w.org\/{rel}","templated":true}]}}