{"id":6389,"date":"2019-11-07T16:35:56","date_gmt":"2019-11-07T15:35:56","guid":{"rendered":"https:\/\/chhofer.wpengine.com\/product\/cotswolds-english-single-malt-whisky\/"},"modified":"2024-10-01T09:53:55","modified_gmt":"2024-10-01T07:53:55","slug":"cotswolds-english-single-malt-whisky","status":"publish","type":"product","link":"https:\/\/www.charleshofer.ch\/fr\/product\/cotswolds-english-single-malt-whisky\/","title":{"rendered":"Cotswolds English Single Malt Whisky"},"content":{"rendered":"\n<p><strong>La r\u00e9gion de Cotswolds (Angleterre) est riche en histoires, en paysages \u00e0 couper le souffle et en charmantes villes anciennes. Depuis 2014, il y a aussi une distillerie. La Cotswolds Distillery se trouve entre les villes historiques d&rsquo;Oxford et Stratford-upon-Avon.<\/strong><\/p>\n\n\n\n<p>Ce premier whisky Single Malt jamais distill\u00e9 dans cette r\u00e9gion, offre des notes de miel et de bonbon caramel au nez, avec de d\u00e9licats ar\u00f4mes de p\u00eache et d&rsquo;abricot ainsi qu&rsquo;un soup\u00e7on de massepain. Au palais, il y a une impression de malt riche en tannins, tout d&rsquo;abord huileux avec des notes de sucre brun, suivie de la saveur \u00e9pic\u00e9e fra\u00eeche et caram\u00e9lis\u00e9e de la confiture d&rsquo;orange. Long en bouche avec des fruits noirs et rouges et un peu de sirop de sucre.<\/p>\n\n\n\n<p>Les alambics en cuivre sign\u00e9s Forsyths ont \u00e9t\u00e9 con\u00e7us sur mesure selon les dimensions et les propri\u00e9t\u00e9s d\u00e9sir\u00e9es. L\u2019installation comprend une large cuve en m\u00e9tal appel\u00e9e \u00ab mash tun \u00bb d\u2019une capacit\u00e9 de 500 kg, un wash still d\u2019une capacit\u00e9 de 2\u2019400 litres, un spirit still d\u2019une capacit\u00e9 de 1\u2019600 litres et quatre fermenteurs d\u2019une capacit\u00e9 individuelle de 2\u2019500 litres. Plus de 100\u2019000 bouteilles de Cotswolds Single Malt Whisky peuvent ainsi \u00eatre produites chaque ann\u00e9e. L\u2019\u00e9quipe toute enti\u00e8re s\u2019efforce ainsi de recycler l\u2019ensemble des d\u00e9chets de production. Les r\u00e9sidus issus de la mac\u00e9ration de l\u2019orge sont utilis\u00e9s comme fourrage pour les vaches et tous les autres d\u00e9chets sont valoris\u00e9s dans une centrale au biogaz des environs.<\/p>\n","protected":false},"excerpt":{"rendered":"<p>La r\u00e9gion de Cotswolds (Angleterre) est riche en histoires, en paysages \u00e0 couper le souffle et en charmantes villes anciennes. Depuis 2014, il y a aussi une distillerie. La Cotswolds Distillery se trouve entre les villes historiques d&rsquo;Oxford et Stratford-upon-Avon. Ce premier whisky Single Malt jamais distill\u00e9 dans cette r\u00e9gion, offre des notes de miel [&hellip;]<\/p>\n","protected":false},"author":5,"featured_media":6728,"parent":0,"template":"","meta":{"_acf_changed":true,"site-sidebar-layout":"default","site-content-layout":"default","ast-site-content-layout":"default","site-content-style":"default","site-sidebar-style":"default","ast-global-header-display":"","ast-banner-title-visibility":"","ast-main-header-display":"","ast-hfb-above-header-display":"","ast-hfb-below-header-display":"","ast-hfb-mobile-header-display":"","site-post-title":"","ast-breadcrumbs-content":"","ast-featured-img":"","footer-sml-layout":"","ast-disable-related-posts":"","theme-transparent-header-meta":"default","adv-header-id-meta":"","stick-header-meta":"default","header-above-stick-meta":"","header-main-stick-meta":"","header-below-stick-meta":"","astra-migrate-meta-layouts":"set","ast-page-background-enabled":"default","ast-page-background-meta":{"desktop":{"background-color":"","background-image":"","background-repeat":"repeat","background-position":"center center","background-size":"auto","background-attachment":"scroll","background-type":"","background-media":"","overlay-type":"","overlay-color":"","overlay-opacity":"","overlay-gradient":""},"tablet":{"background-color":"","background-image":"","background-repeat":"repeat","background-position":"center center","background-size":"auto","background-attachment":"scroll","background-type":"","background-media":"","overlay-type":"","overlay-color":"","overlay-opacity":"","overlay-gradient":""},"mobile":{"background-color":"","background-image":"","background-repeat":"repeat","background-position":"center center","background-size":"auto","background-attachment":"scroll","background-type":"","background-media":"","overlay-type":"","overlay-color":"","overlay-opacity":"","overlay-gradient":""}},"ast-content-background-meta":{"desktop":{"background-color":"var(--ast-global-color-5)","background-image":"","background-repeat":"repeat","background-position":"center center","background-size":"auto","background-attachment":"scroll","background-type":"","background-media":"","overlay-type":"","overlay-color":"","overlay-opacity":"","overlay-gradient":""},"tablet":{"background-color":"var(--ast-global-color-5)","background-image":"","background-repeat":"repeat","background-position":"center center","background-size":"auto","background-attachment":"scroll","background-type":"","background-media":"","overlay-type":"","overlay-color":"","overlay-opacity":"","overlay-gradient":""},"mobile":{"background-color":"var(--ast-global-color-5)","background-image":"","background-repeat":"repeat","background-position":"center center","background-size":"auto","background-attachment":"scroll","background-type":"","background-media":"","overlay-type":"","overlay-color":"","overlay-opacity":"","overlay-gradient":""}}},"product_categories":[393],"inhaltsart":[],"class_list":["post-6389","product","type-product","status-publish","has-post-thumbnail","hentry","product_categories-whisky-europe-sans-ecosse"],"acf":[],"yoast_head":"<!-- This site is optimized with the Yoast SEO plugin v26.7 - https:\/\/yoast.com\/wordpress\/plugins\/seo\/ -->\n<title>Cotswolds English Single Malt Whisky | Charles Hofer SA<\/title>\n<meta name=\"robots\" content=\"index, follow, max-snippet:-1, max-image-preview:large, max-video-preview:-1\" \/>\n<link rel=\"canonical\" href=\"https:\/\/www.charleshofer.ch\/fr\/product\/cotswolds-english-single-malt-whisky\/\" \/>\n<meta property=\"og:locale\" content=\"fr_FR\" \/>\n<meta property=\"og:type\" content=\"article\" \/>\n<meta property=\"og:title\" content=\"Cotswolds English Single Malt Whisky | Charles Hofer SA\" \/>\n<meta property=\"og:description\" content=\"La r\u00e9gion de Cotswolds (Angleterre) est riche en histoires, en paysages \u00e0 couper le souffle et en charmantes villes anciennes. Depuis 2014, il y a aussi une distillerie. La Cotswolds Distillery se trouve entre les villes historiques d&rsquo;Oxford et Stratford-upon-Avon. Ce premier whisky Single Malt jamais distill\u00e9 dans cette r\u00e9gion, offre des notes de miel [&hellip;]\" \/>\n<meta property=\"og:url\" content=\"https:\/\/www.charleshofer.ch\/fr\/product\/cotswolds-english-single-malt-whisky\/\" \/>\n<meta property=\"og:site_name\" content=\"Charles Hofer SA\" \/>\n<meta property=\"article:modified_time\" content=\"2024-10-01T07:53:55+00:00\" \/>\n<meta property=\"og:image\" content=\"http:\/\/www.charleshofer.ch\/wp-content\/uploads\/2020\/03\/whi_cot.jpg\" \/>\n\t<meta property=\"og:image:width\" content=\"2100\" \/>\n\t<meta property=\"og:image:height\" content=\"1400\" \/>\n\t<meta property=\"og:image:type\" content=\"image\/jpeg\" \/>\n<meta name=\"twitter:card\" content=\"summary_large_image\" \/>\n<meta name=\"twitter:label1\" content=\"Dur\u00e9e de lecture estim\u00e9e\" \/>\n\t<meta name=\"twitter:data1\" content=\"2 minutes\" \/>\n<script type=\"application\/ld+json\" class=\"yoast-schema-graph\">{\"@context\":\"https:\/\/schema.org\",\"@graph\":[{\"@type\":\"WebPage\",\"@id\":\"https:\/\/www.charleshofer.ch\/fr\/product\/cotswolds-english-single-malt-whisky\/\",\"url\":\"https:\/\/www.charleshofer.ch\/fr\/product\/cotswolds-english-single-malt-whisky\/\",\"name\":\"Cotswolds English Single Malt Whisky | Charles Hofer SA\",\"isPartOf\":{\"@id\":\"https:\/\/www.charleshofer.ch\/#website\"},\"primaryImageOfPage\":{\"@id\":\"https:\/\/www.charleshofer.ch\/fr\/product\/cotswolds-english-single-malt-whisky\/#primaryimage\"},\"image\":{\"@id\":\"https:\/\/www.charleshofer.ch\/fr\/product\/cotswolds-english-single-malt-whisky\/#primaryimage\"},\"thumbnailUrl\":\"https:\/\/www.charleshofer.ch\/wp-content\/uploads\/2020\/03\/whi_cot.jpg\",\"datePublished\":\"2019-11-07T15:35:56+00:00\",\"dateModified\":\"2024-10-01T07:53:55+00:00\",\"breadcrumb\":{\"@id\":\"https:\/\/www.charleshofer.ch\/fr\/product\/cotswolds-english-single-malt-whisky\/#breadcrumb\"},\"inLanguage\":\"fr-FR\",\"potentialAction\":[{\"@type\":\"ReadAction\",\"target\":[\"https:\/\/www.charleshofer.ch\/fr\/product\/cotswolds-english-single-malt-whisky\/\"]}]},{\"@type\":\"ImageObject\",\"inLanguage\":\"fr-FR\",\"@id\":\"https:\/\/www.charleshofer.ch\/fr\/product\/cotswolds-english-single-malt-whisky\/#primaryimage\",\"url\":\"https:\/\/www.charleshofer.ch\/wp-content\/uploads\/2020\/03\/whi_cot.jpg\",\"contentUrl\":\"https:\/\/www.charleshofer.ch\/wp-content\/uploads\/2020\/03\/whi_cot.jpg\",\"width\":2100,\"height\":1400},{\"@type\":\"BreadcrumbList\",\"@id\":\"https:\/\/www.charleshofer.ch\/fr\/product\/cotswolds-english-single-malt-whisky\/#breadcrumb\",\"itemListElement\":[{\"@type\":\"ListItem\",\"position\":1,\"name\":\"Startseite\",\"item\":\"https:\/\/www.charleshofer.ch\/\"},{\"@type\":\"ListItem\",\"position\":2,\"name\":\"Products\",\"item\":\"https:\/\/www.charleshofer.ch\/product\/\"},{\"@type\":\"ListItem\",\"position\":3,\"name\":\"Cotswolds English Single Malt Whisky\"}]},{\"@type\":\"WebSite\",\"@id\":\"https:\/\/www.charleshofer.ch\/#website\",\"url\":\"https:\/\/www.charleshofer.ch\/\",\"name\":\"Charles Hofer SA\",\"description\":\"Fine Spirits &amp; Wines\",\"publisher\":{\"@id\":\"https:\/\/www.charleshofer.ch\/#organization\"},\"potentialAction\":[{\"@type\":\"SearchAction\",\"target\":{\"@type\":\"EntryPoint\",\"urlTemplate\":\"https:\/\/www.charleshofer.ch\/?s={search_term_string}\"},\"query-input\":{\"@type\":\"PropertyValueSpecification\",\"valueRequired\":true,\"valueName\":\"search_term_string\"}}],\"inLanguage\":\"fr-FR\"},{\"@type\":\"Organization\",\"@id\":\"https:\/\/www.charleshofer.ch\/#organization\",\"name\":\"Charles Hofer SA\",\"url\":\"https:\/\/www.charleshofer.ch\/\",\"logo\":{\"@type\":\"ImageObject\",\"inLanguage\":\"fr-FR\",\"@id\":\"https:\/\/www.charleshofer.ch\/#\/schema\/logo\/image\/\",\"url\":\"https:\/\/www.charleshofer.ch\/wp-content\/uploads\/2014\/01\/chhofer_logo_0.png\",\"contentUrl\":\"https:\/\/www.charleshofer.ch\/wp-content\/uploads\/2014\/01\/chhofer_logo_0.png\",\"width\":175,\"height\":217,\"caption\":\"Charles Hofer SA\"},\"image\":{\"@id\":\"https:\/\/www.charleshofer.ch\/#\/schema\/logo\/image\/\"}}]}<\/script>\n<!-- \/ Yoast SEO plugin. -->","yoast_head_json":{"title":"Cotswolds English Single Malt Whisky | Charles Hofer SA","robots":{"index":"index","follow":"follow","max-snippet":"max-snippet:-1","max-image-preview":"max-image-preview:large","max-video-preview":"max-video-preview:-1"},"canonical":"https:\/\/www.charleshofer.ch\/fr\/product\/cotswolds-english-single-malt-whisky\/","og_locale":"fr_FR","og_type":"article","og_title":"Cotswolds English Single Malt Whisky | Charles Hofer SA","og_description":"La r\u00e9gion de Cotswolds (Angleterre) est riche en histoires, en paysages \u00e0 couper le souffle et en charmantes villes anciennes. Depuis 2014, il y a aussi une distillerie. La Cotswolds Distillery se trouve entre les villes historiques d&rsquo;Oxford et Stratford-upon-Avon. Ce premier whisky Single Malt jamais distill\u00e9 dans cette r\u00e9gion, offre des notes de miel [&hellip;]","og_url":"https:\/\/www.charleshofer.ch\/fr\/product\/cotswolds-english-single-malt-whisky\/","og_site_name":"Charles Hofer SA","article_modified_time":"2024-10-01T07:53:55+00:00","og_image":[{"width":2100,"height":1400,"url":"http:\/\/www.charleshofer.ch\/wp-content\/uploads\/2020\/03\/whi_cot.jpg","type":"image\/jpeg"}],"twitter_card":"summary_large_image","twitter_misc":{"Dur\u00e9e de lecture estim\u00e9e":"2 minutes"},"schema":{"@context":"https:\/\/schema.org","@graph":[{"@type":"WebPage","@id":"https:\/\/www.charleshofer.ch\/fr\/product\/cotswolds-english-single-malt-whisky\/","url":"https:\/\/www.charleshofer.ch\/fr\/product\/cotswolds-english-single-malt-whisky\/","name":"Cotswolds English Single Malt Whisky | Charles Hofer SA","isPartOf":{"@id":"https:\/\/www.charleshofer.ch\/#website"},"primaryImageOfPage":{"@id":"https:\/\/www.charleshofer.ch\/fr\/product\/cotswolds-english-single-malt-whisky\/#primaryimage"},"image":{"@id":"https:\/\/www.charleshofer.ch\/fr\/product\/cotswolds-english-single-malt-whisky\/#primaryimage"},"thumbnailUrl":"https:\/\/www.charleshofer.ch\/wp-content\/uploads\/2020\/03\/whi_cot.jpg","datePublished":"2019-11-07T15:35:56+00:00","dateModified":"2024-10-01T07:53:55+00:00","breadcrumb":{"@id":"https:\/\/www.charleshofer.ch\/fr\/product\/cotswolds-english-single-malt-whisky\/#breadcrumb"},"inLanguage":"fr-FR","potentialAction":[{"@type":"ReadAction","target":["https:\/\/www.charleshofer.ch\/fr\/product\/cotswolds-english-single-malt-whisky\/"]}]},{"@type":"ImageObject","inLanguage":"fr-FR","@id":"https:\/\/www.charleshofer.ch\/fr\/product\/cotswolds-english-single-malt-whisky\/#primaryimage","url":"https:\/\/www.charleshofer.ch\/wp-content\/uploads\/2020\/03\/whi_cot.jpg","contentUrl":"https:\/\/www.charleshofer.ch\/wp-content\/uploads\/2020\/03\/whi_cot.jpg","width":2100,"height":1400},{"@type":"BreadcrumbList","@id":"https:\/\/www.charleshofer.ch\/fr\/product\/cotswolds-english-single-malt-whisky\/#breadcrumb","itemListElement":[{"@type":"ListItem","position":1,"name":"Startseite","item":"https:\/\/www.charleshofer.ch\/"},{"@type":"ListItem","position":2,"name":"Products","item":"https:\/\/www.charleshofer.ch\/product\/"},{"@type":"ListItem","position":3,"name":"Cotswolds English Single Malt Whisky"}]},{"@type":"WebSite","@id":"https:\/\/www.charleshofer.ch\/#website","url":"https:\/\/www.charleshofer.ch\/","name":"Charles Hofer SA","description":"Fine Spirits &amp; Wines","publisher":{"@id":"https:\/\/www.charleshofer.ch\/#organization"},"potentialAction":[{"@type":"SearchAction","target":{"@type":"EntryPoint","urlTemplate":"https:\/\/www.charleshofer.ch\/?s={search_term_string}"},"query-input":{"@type":"PropertyValueSpecification","valueRequired":true,"valueName":"search_term_string"}}],"inLanguage":"fr-FR"},{"@type":"Organization","@id":"https:\/\/www.charleshofer.ch\/#organization","name":"Charles Hofer SA","url":"https:\/\/www.charleshofer.ch\/","logo":{"@type":"ImageObject","inLanguage":"fr-FR","@id":"https:\/\/www.charleshofer.ch\/#\/schema\/logo\/image\/","url":"https:\/\/www.charleshofer.ch\/wp-content\/uploads\/2014\/01\/chhofer_logo_0.png","contentUrl":"https:\/\/www.charleshofer.ch\/wp-content\/uploads\/2014\/01\/chhofer_logo_0.png","width":175,"height":217,"caption":"Charles Hofer SA"},"image":{"@id":"https:\/\/www.charleshofer.ch\/#\/schema\/logo\/image\/"}}]}},"_links":{"self":[{"href":"https:\/\/www.charleshofer.ch\/fr\/wp-json\/wp\/v2\/product\/6389","targetHints":{"allow":["GET"]}}],"collection":[{"href":"https:\/\/www.charleshofer.ch\/fr\/wp-json\/wp\/v2\/product"}],"about":[{"href":"https:\/\/www.charleshofer.ch\/fr\/wp-json\/wp\/v2\/types\/product"}],"author":[{"embeddable":true,"href":"https:\/\/www.charleshofer.ch\/fr\/wp-json\/wp\/v2\/users\/5"}],"wp:featuredmedia":[{"embeddable":true,"href":"https:\/\/www.charleshofer.ch\/fr\/wp-json\/wp\/v2\/media\/6728"}],"wp:attachment":[{"href":"https:\/\/www.charleshofer.ch\/fr\/wp-json\/wp\/v2\/media?parent=6389"}],"wp:term":[{"taxonomy":"product_categories","embeddable":true,"href":"https:\/\/www.charleshofer.ch\/fr\/wp-json\/wp\/v2\/product_categories?post=6389"},{"taxonomy":"inhaltsart","embeddable":true,"href":"https:\/\/www.charleshofer.ch\/fr\/wp-json\/wp\/v2\/inhaltsart?post=6389"}],"curies":[{"name":"wp","href":"https:\/\/api.w.org\/{rel}","templated":true}]}}