{"id":6401,"date":"2019-11-07T16:35:56","date_gmt":"2019-11-07T15:35:56","guid":{"rendered":"https:\/\/chhofer.wpengine.com\/product\/bozal-mezcal\/"},"modified":"2024-10-01T09:23:59","modified_gmt":"2024-10-01T07:23:59","slug":"bozal-mezcal","status":"publish","type":"product","link":"https:\/\/www.charleshofer.ch\/fr\/product\/bozal-mezcal\/","title":{"rendered":"Bozal Mezcal"},"content":{"rendered":"\n<p><strong>Les agaves sauvages pour les mezcals de Bozal poussent dans les collines raides d&rsquo;Oaxaca et de Guerrero. Elles apportent des ar\u00f4mes exotiques et intenses, terreux et d\u00e9licieusement fum\u00e9s.<\/strong><\/p>\n\n\n\n<p>Le mot espagnol \u00abbozal \u00bb signifie \u00ab sauvage \u00bb et l&rsquo;entreprise Bozal est convaincue que rajouter une touche d&rsquo;\u00e9l\u00e9ment sauvage permet d&rsquo;obtenir un spiritueux plus riche.<\/p>\n\n\n\n<p>La fabrication est effectu\u00e9e selon une m\u00e9thode de plus de 200 ans : d&rsquo;abord, les c\u0153urs d&rsquo;agaves sont cuits dans des fours en terre, pour ensuite \u00eatre \u00e9cras\u00e9s par un Tahona tir\u00e9 par un cheval (une roue \u00e0 moudre en pierre). Sans ajout de levure, la fermentation a lieu \u00e0 l&rsquo;air libre. Enfin, les mezcals sont distill\u00e9s deux fois.<\/p>\n\n\n\n<p>Plusieurs variantes sont disponibles. L\u2019\u00ab&nbsp;Ensamble&nbsp;\u00bb se compose de trois diff\u00e9rentes vari\u00e9t\u00e9s d\u2019agave (Espad\u00edn, Barril, Mexicanao), alors que le \u00ab&nbsp;Cuixe&nbsp;\u00bb ou le \u00ab&nbsp;Tobasiche&nbsp;\u00bb, par exemple, qui sont des Single Magueys, n\u2019en comportent qu\u2019une seule.<\/p>\n","protected":false},"excerpt":{"rendered":"<p>Les agaves sauvages pour les mezcals de Bozal poussent dans les collines raides d&rsquo;Oaxaca et de Guerrero. Elles apportent des ar\u00f4mes exotiques et intenses, terreux et d\u00e9licieusement fum\u00e9s. Le mot espagnol \u00abbozal \u00bb signifie \u00ab sauvage \u00bb et l&rsquo;entreprise Bozal est convaincue que rajouter une touche d&rsquo;\u00e9l\u00e9ment sauvage permet d&rsquo;obtenir un spiritueux plus riche. La [&hellip;]<\/p>\n","protected":false},"author":5,"featured_media":6521,"parent":0,"template":"","meta":{"_acf_changed":true,"site-sidebar-layout":"default","site-content-layout":"default","ast-site-content-layout":"default","site-content-style":"default","site-sidebar-style":"default","ast-global-header-display":"","ast-banner-title-visibility":"","ast-main-header-display":"","ast-hfb-above-header-display":"","ast-hfb-below-header-display":"","ast-hfb-mobile-header-display":"","site-post-title":"","ast-breadcrumbs-content":"","ast-featured-img":"","footer-sml-layout":"","ast-disable-related-posts":"","theme-transparent-header-meta":"default","adv-header-id-meta":"","stick-header-meta":"default","header-above-stick-meta":"","header-main-stick-meta":"","header-below-stick-meta":"","astra-migrate-meta-layouts":"set","ast-page-background-enabled":"default","ast-page-background-meta":{"desktop":{"background-color":"","background-image":"","background-repeat":"repeat","background-position":"center center","background-size":"auto","background-attachment":"scroll","background-type":"","background-media":"","overlay-type":"","overlay-color":"","overlay-opacity":"","overlay-gradient":""},"tablet":{"background-color":"","background-image":"","background-repeat":"repeat","background-position":"center center","background-size":"auto","background-attachment":"scroll","background-type":"","background-media":"","overlay-type":"","overlay-color":"","overlay-opacity":"","overlay-gradient":""},"mobile":{"background-color":"","background-image":"","background-repeat":"repeat","background-position":"center center","background-size":"auto","background-attachment":"scroll","background-type":"","background-media":"","overlay-type":"","overlay-color":"","overlay-opacity":"","overlay-gradient":""}},"ast-content-background-meta":{"desktop":{"background-color":"var(--ast-global-color-5)","background-image":"","background-repeat":"repeat","background-position":"center center","background-size":"auto","background-attachment":"scroll","background-type":"","background-media":"","overlay-type":"","overlay-color":"","overlay-opacity":"","overlay-gradient":""},"tablet":{"background-color":"var(--ast-global-color-5)","background-image":"","background-repeat":"repeat","background-position":"center center","background-size":"auto","background-attachment":"scroll","background-type":"","background-media":"","overlay-type":"","overlay-color":"","overlay-opacity":"","overlay-gradient":""},"mobile":{"background-color":"var(--ast-global-color-5)","background-image":"","background-repeat":"repeat","background-position":"center center","background-size":"auto","background-attachment":"scroll","background-type":"","background-media":"","overlay-type":"","overlay-color":"","overlay-opacity":"","overlay-gradient":""}}},"product_categories":[364],"inhaltsart":[],"class_list":["post-6401","product","type-product","status-publish","has-post-thumbnail","hentry","product_categories-eau-de-vie-dagave"],"acf":[],"yoast_head":"<!-- This site is optimized with the Yoast SEO plugin v26.7 - https:\/\/yoast.com\/wordpress\/plugins\/seo\/ -->\n<title>Bozal Mezcal | Charles Hofer SA<\/title>\n<meta name=\"robots\" content=\"index, follow, max-snippet:-1, max-image-preview:large, max-video-preview:-1\" \/>\n<link rel=\"canonical\" href=\"https:\/\/www.charleshofer.ch\/fr\/product\/bozal-mezcal\/\" \/>\n<meta property=\"og:locale\" content=\"fr_FR\" \/>\n<meta property=\"og:type\" content=\"article\" \/>\n<meta property=\"og:title\" content=\"Bozal Mezcal | Charles Hofer SA\" \/>\n<meta property=\"og:description\" content=\"Les agaves sauvages pour les mezcals de Bozal poussent dans les collines raides d&rsquo;Oaxaca et de Guerrero. Elles apportent des ar\u00f4mes exotiques et intenses, terreux et d\u00e9licieusement fum\u00e9s. Le mot espagnol \u00abbozal \u00bb signifie \u00ab sauvage \u00bb et l&rsquo;entreprise Bozal est convaincue que rajouter une touche d&rsquo;\u00e9l\u00e9ment sauvage permet d&rsquo;obtenir un spiritueux plus riche. La [&hellip;]\" \/>\n<meta property=\"og:url\" content=\"https:\/\/www.charleshofer.ch\/fr\/product\/bozal-mezcal\/\" \/>\n<meta property=\"og:site_name\" content=\"Charles Hofer SA\" \/>\n<meta property=\"article:modified_time\" content=\"2024-10-01T07:23:59+00:00\" \/>\n<meta property=\"og:image\" content=\"http:\/\/www.charleshofer.ch\/wp-content\/uploads\/2020\/03\/aga_boz.jpg\" \/>\n\t<meta property=\"og:image:width\" content=\"2100\" \/>\n\t<meta property=\"og:image:height\" content=\"1400\" \/>\n\t<meta property=\"og:image:type\" content=\"image\/jpeg\" \/>\n<meta name=\"twitter:card\" content=\"summary_large_image\" \/>\n<meta name=\"twitter:label1\" content=\"Dur\u00e9e de lecture estim\u00e9e\" \/>\n\t<meta name=\"twitter:data1\" content=\"1 minute\" \/>\n<script type=\"application\/ld+json\" class=\"yoast-schema-graph\">{\"@context\":\"https:\/\/schema.org\",\"@graph\":[{\"@type\":\"WebPage\",\"@id\":\"https:\/\/www.charleshofer.ch\/fr\/product\/bozal-mezcal\/\",\"url\":\"https:\/\/www.charleshofer.ch\/fr\/product\/bozal-mezcal\/\",\"name\":\"Bozal Mezcal | Charles Hofer SA\",\"isPartOf\":{\"@id\":\"https:\/\/www.charleshofer.ch\/#website\"},\"primaryImageOfPage\":{\"@id\":\"https:\/\/www.charleshofer.ch\/fr\/product\/bozal-mezcal\/#primaryimage\"},\"image\":{\"@id\":\"https:\/\/www.charleshofer.ch\/fr\/product\/bozal-mezcal\/#primaryimage\"},\"thumbnailUrl\":\"https:\/\/www.charleshofer.ch\/wp-content\/uploads\/2020\/03\/aga_boz.jpg\",\"datePublished\":\"2019-11-07T15:35:56+00:00\",\"dateModified\":\"2024-10-01T07:23:59+00:00\",\"breadcrumb\":{\"@id\":\"https:\/\/www.charleshofer.ch\/fr\/product\/bozal-mezcal\/#breadcrumb\"},\"inLanguage\":\"fr-FR\",\"potentialAction\":[{\"@type\":\"ReadAction\",\"target\":[\"https:\/\/www.charleshofer.ch\/fr\/product\/bozal-mezcal\/\"]}]},{\"@type\":\"ImageObject\",\"inLanguage\":\"fr-FR\",\"@id\":\"https:\/\/www.charleshofer.ch\/fr\/product\/bozal-mezcal\/#primaryimage\",\"url\":\"https:\/\/www.charleshofer.ch\/wp-content\/uploads\/2020\/03\/aga_boz.jpg\",\"contentUrl\":\"https:\/\/www.charleshofer.ch\/wp-content\/uploads\/2020\/03\/aga_boz.jpg\",\"width\":2100,\"height\":1400},{\"@type\":\"BreadcrumbList\",\"@id\":\"https:\/\/www.charleshofer.ch\/fr\/product\/bozal-mezcal\/#breadcrumb\",\"itemListElement\":[{\"@type\":\"ListItem\",\"position\":1,\"name\":\"Startseite\",\"item\":\"https:\/\/www.charleshofer.ch\/\"},{\"@type\":\"ListItem\",\"position\":2,\"name\":\"Products\",\"item\":\"https:\/\/www.charleshofer.ch\/product\/\"},{\"@type\":\"ListItem\",\"position\":3,\"name\":\"Bozal Mezcal\"}]},{\"@type\":\"WebSite\",\"@id\":\"https:\/\/www.charleshofer.ch\/#website\",\"url\":\"https:\/\/www.charleshofer.ch\/\",\"name\":\"Charles Hofer SA\",\"description\":\"Fine Spirits &amp; Wines\",\"publisher\":{\"@id\":\"https:\/\/www.charleshofer.ch\/#organization\"},\"potentialAction\":[{\"@type\":\"SearchAction\",\"target\":{\"@type\":\"EntryPoint\",\"urlTemplate\":\"https:\/\/www.charleshofer.ch\/?s={search_term_string}\"},\"query-input\":{\"@type\":\"PropertyValueSpecification\",\"valueRequired\":true,\"valueName\":\"search_term_string\"}}],\"inLanguage\":\"fr-FR\"},{\"@type\":\"Organization\",\"@id\":\"https:\/\/www.charleshofer.ch\/#organization\",\"name\":\"Charles Hofer SA\",\"url\":\"https:\/\/www.charleshofer.ch\/\",\"logo\":{\"@type\":\"ImageObject\",\"inLanguage\":\"fr-FR\",\"@id\":\"https:\/\/www.charleshofer.ch\/#\/schema\/logo\/image\/\",\"url\":\"https:\/\/www.charleshofer.ch\/wp-content\/uploads\/2014\/01\/chhofer_logo_0.png\",\"contentUrl\":\"https:\/\/www.charleshofer.ch\/wp-content\/uploads\/2014\/01\/chhofer_logo_0.png\",\"width\":175,\"height\":217,\"caption\":\"Charles Hofer SA\"},\"image\":{\"@id\":\"https:\/\/www.charleshofer.ch\/#\/schema\/logo\/image\/\"}}]}<\/script>\n<!-- \/ Yoast SEO plugin. -->","yoast_head_json":{"title":"Bozal Mezcal | Charles Hofer SA","robots":{"index":"index","follow":"follow","max-snippet":"max-snippet:-1","max-image-preview":"max-image-preview:large","max-video-preview":"max-video-preview:-1"},"canonical":"https:\/\/www.charleshofer.ch\/fr\/product\/bozal-mezcal\/","og_locale":"fr_FR","og_type":"article","og_title":"Bozal Mezcal | Charles Hofer SA","og_description":"Les agaves sauvages pour les mezcals de Bozal poussent dans les collines raides d&rsquo;Oaxaca et de Guerrero. Elles apportent des ar\u00f4mes exotiques et intenses, terreux et d\u00e9licieusement fum\u00e9s. Le mot espagnol \u00abbozal \u00bb signifie \u00ab sauvage \u00bb et l&rsquo;entreprise Bozal est convaincue que rajouter une touche d&rsquo;\u00e9l\u00e9ment sauvage permet d&rsquo;obtenir un spiritueux plus riche. La [&hellip;]","og_url":"https:\/\/www.charleshofer.ch\/fr\/product\/bozal-mezcal\/","og_site_name":"Charles Hofer SA","article_modified_time":"2024-10-01T07:23:59+00:00","og_image":[{"width":2100,"height":1400,"url":"http:\/\/www.charleshofer.ch\/wp-content\/uploads\/2020\/03\/aga_boz.jpg","type":"image\/jpeg"}],"twitter_card":"summary_large_image","twitter_misc":{"Dur\u00e9e de lecture estim\u00e9e":"1 minute"},"schema":{"@context":"https:\/\/schema.org","@graph":[{"@type":"WebPage","@id":"https:\/\/www.charleshofer.ch\/fr\/product\/bozal-mezcal\/","url":"https:\/\/www.charleshofer.ch\/fr\/product\/bozal-mezcal\/","name":"Bozal Mezcal | Charles Hofer SA","isPartOf":{"@id":"https:\/\/www.charleshofer.ch\/#website"},"primaryImageOfPage":{"@id":"https:\/\/www.charleshofer.ch\/fr\/product\/bozal-mezcal\/#primaryimage"},"image":{"@id":"https:\/\/www.charleshofer.ch\/fr\/product\/bozal-mezcal\/#primaryimage"},"thumbnailUrl":"https:\/\/www.charleshofer.ch\/wp-content\/uploads\/2020\/03\/aga_boz.jpg","datePublished":"2019-11-07T15:35:56+00:00","dateModified":"2024-10-01T07:23:59+00:00","breadcrumb":{"@id":"https:\/\/www.charleshofer.ch\/fr\/product\/bozal-mezcal\/#breadcrumb"},"inLanguage":"fr-FR","potentialAction":[{"@type":"ReadAction","target":["https:\/\/www.charleshofer.ch\/fr\/product\/bozal-mezcal\/"]}]},{"@type":"ImageObject","inLanguage":"fr-FR","@id":"https:\/\/www.charleshofer.ch\/fr\/product\/bozal-mezcal\/#primaryimage","url":"https:\/\/www.charleshofer.ch\/wp-content\/uploads\/2020\/03\/aga_boz.jpg","contentUrl":"https:\/\/www.charleshofer.ch\/wp-content\/uploads\/2020\/03\/aga_boz.jpg","width":2100,"height":1400},{"@type":"BreadcrumbList","@id":"https:\/\/www.charleshofer.ch\/fr\/product\/bozal-mezcal\/#breadcrumb","itemListElement":[{"@type":"ListItem","position":1,"name":"Startseite","item":"https:\/\/www.charleshofer.ch\/"},{"@type":"ListItem","position":2,"name":"Products","item":"https:\/\/www.charleshofer.ch\/product\/"},{"@type":"ListItem","position":3,"name":"Bozal Mezcal"}]},{"@type":"WebSite","@id":"https:\/\/www.charleshofer.ch\/#website","url":"https:\/\/www.charleshofer.ch\/","name":"Charles Hofer SA","description":"Fine Spirits &amp; Wines","publisher":{"@id":"https:\/\/www.charleshofer.ch\/#organization"},"potentialAction":[{"@type":"SearchAction","target":{"@type":"EntryPoint","urlTemplate":"https:\/\/www.charleshofer.ch\/?s={search_term_string}"},"query-input":{"@type":"PropertyValueSpecification","valueRequired":true,"valueName":"search_term_string"}}],"inLanguage":"fr-FR"},{"@type":"Organization","@id":"https:\/\/www.charleshofer.ch\/#organization","name":"Charles Hofer SA","url":"https:\/\/www.charleshofer.ch\/","logo":{"@type":"ImageObject","inLanguage":"fr-FR","@id":"https:\/\/www.charleshofer.ch\/#\/schema\/logo\/image\/","url":"https:\/\/www.charleshofer.ch\/wp-content\/uploads\/2014\/01\/chhofer_logo_0.png","contentUrl":"https:\/\/www.charleshofer.ch\/wp-content\/uploads\/2014\/01\/chhofer_logo_0.png","width":175,"height":217,"caption":"Charles Hofer SA"},"image":{"@id":"https:\/\/www.charleshofer.ch\/#\/schema\/logo\/image\/"}}]}},"_links":{"self":[{"href":"https:\/\/www.charleshofer.ch\/fr\/wp-json\/wp\/v2\/product\/6401","targetHints":{"allow":["GET"]}}],"collection":[{"href":"https:\/\/www.charleshofer.ch\/fr\/wp-json\/wp\/v2\/product"}],"about":[{"href":"https:\/\/www.charleshofer.ch\/fr\/wp-json\/wp\/v2\/types\/product"}],"author":[{"embeddable":true,"href":"https:\/\/www.charleshofer.ch\/fr\/wp-json\/wp\/v2\/users\/5"}],"wp:featuredmedia":[{"embeddable":true,"href":"https:\/\/www.charleshofer.ch\/fr\/wp-json\/wp\/v2\/media\/6521"}],"wp:attachment":[{"href":"https:\/\/www.charleshofer.ch\/fr\/wp-json\/wp\/v2\/media?parent=6401"}],"wp:term":[{"taxonomy":"product_categories","embeddable":true,"href":"https:\/\/www.charleshofer.ch\/fr\/wp-json\/wp\/v2\/product_categories?post=6401"},{"taxonomy":"inhaltsart","embeddable":true,"href":"https:\/\/www.charleshofer.ch\/fr\/wp-json\/wp\/v2\/inhaltsart?post=6401"}],"curies":[{"name":"wp","href":"https:\/\/api.w.org\/{rel}","templated":true}]}}