{"id":6977,"date":"2019-11-07T16:36:01","date_gmt":"2019-11-07T15:36:01","guid":{"rendered":"https:\/\/chhofer.wpengine.com\/product\/fuyu-japanese-blended-whisky\/"},"modified":"2024-10-01T10:21:15","modified_gmt":"2024-10-01T08:21:15","slug":"fuyu-japanese-blended-whisky","status":"publish","type":"product","link":"https:\/\/www.charleshofer.ch\/fr\/product\/fuyu-japanese-blended-whisky\/","title":{"rendered":"Fuyu Japanese Blended Whisky"},"content":{"rendered":"\n<p><strong>Le Fuyu est fabriqu\u00e9 en petites s\u00e9ries \u00e0 partir de whiskys de quatre distilleries diff\u00e9rentes aux alentours de Kyoto, sur l&rsquo;\u00eele de Honshu. Fuyu signifie hiver.<\/strong><\/p>\n\n\n\n<p>L&rsquo;assemblage est compos\u00e9 \u00e0 80 % de whiskys de grain et 20 % de whisky de malt. Avant la mise en bouteille, il est r\u00e9duit \u00e0 40 %.<\/p>\n\n\n\n<p>Couleur ambre fonc\u00e9e, ar\u00f4mes floraux et jeunes avec des notes d&rsquo;agrumes et d&rsquo;\u00e9pices \u00e0 l&rsquo;odeur, cors\u00e9 au palais, rappelant le ch\u00eane et les fruits cuits. Fuyu convainc car il est long en bouche avec des ar\u00f4mes de fruits m\u00fbrs et de l\u00e9g\u00e8re fum\u00e9e.<\/p>\n","protected":false},"excerpt":{"rendered":"<p>Le Fuyu est fabriqu\u00e9 en petites s\u00e9ries \u00e0 partir de whiskys de quatre distilleries diff\u00e9rentes aux alentours de Kyoto, sur l&rsquo;\u00eele de Honshu. Fuyu signifie hiver. L&rsquo;assemblage est compos\u00e9 \u00e0 80 % de whiskys de grain et 20 % de whisky de malt. Avant la mise en bouteille, il est r\u00e9duit \u00e0 40 %. Couleur [&hellip;]<\/p>\n","protected":false},"author":5,"featured_media":6743,"parent":0,"template":"","meta":{"_acf_changed":true,"site-sidebar-layout":"default","site-content-layout":"default","ast-site-content-layout":"default","site-content-style":"default","site-sidebar-style":"default","ast-global-header-display":"","ast-banner-title-visibility":"","ast-main-header-display":"","ast-hfb-above-header-display":"","ast-hfb-below-header-display":"","ast-hfb-mobile-header-display":"","site-post-title":"","ast-breadcrumbs-content":"","ast-featured-img":"","footer-sml-layout":"","ast-disable-related-posts":"","theme-transparent-header-meta":"default","adv-header-id-meta":"","stick-header-meta":"default","header-above-stick-meta":"","header-main-stick-meta":"","header-below-stick-meta":"","astra-migrate-meta-layouts":"set","ast-page-background-enabled":"default","ast-page-background-meta":{"desktop":{"background-color":"","background-image":"","background-repeat":"repeat","background-position":"center center","background-size":"auto","background-attachment":"scroll","background-type":"","background-media":"","overlay-type":"","overlay-color":"","overlay-opacity":"","overlay-gradient":""},"tablet":{"background-color":"","background-image":"","background-repeat":"repeat","background-position":"center center","background-size":"auto","background-attachment":"scroll","background-type":"","background-media":"","overlay-type":"","overlay-color":"","overlay-opacity":"","overlay-gradient":""},"mobile":{"background-color":"","background-image":"","background-repeat":"repeat","background-position":"center center","background-size":"auto","background-attachment":"scroll","background-type":"","background-media":"","overlay-type":"","overlay-color":"","overlay-opacity":"","overlay-gradient":""}},"ast-content-background-meta":{"desktop":{"background-color":"var(--ast-global-color-5)","background-image":"","background-repeat":"repeat","background-position":"center center","background-size":"auto","background-attachment":"scroll","background-type":"","background-media":"","overlay-type":"","overlay-color":"","overlay-opacity":"","overlay-gradient":""},"tablet":{"background-color":"var(--ast-global-color-5)","background-image":"","background-repeat":"repeat","background-position":"center center","background-size":"auto","background-attachment":"scroll","background-type":"","background-media":"","overlay-type":"","overlay-color":"","overlay-opacity":"","overlay-gradient":""},"mobile":{"background-color":"var(--ast-global-color-5)","background-image":"","background-repeat":"repeat","background-position":"center center","background-size":"auto","background-attachment":"scroll","background-type":"","background-media":"","overlay-type":"","overlay-color":"","overlay-opacity":"","overlay-gradient":""}}},"product_categories":[395],"inhaltsart":[],"class_list":["post-6977","product","type-product","status-publish","has-post-thumbnail","hentry","product_categories-whisky-japon"],"acf":[],"yoast_head":"<!-- This site is optimized with the Yoast SEO plugin v26.7 - https:\/\/yoast.com\/wordpress\/plugins\/seo\/ -->\n<title>Fuyu Japanese Blended Whisky | Charles Hofer SA<\/title>\n<meta name=\"robots\" content=\"index, follow, max-snippet:-1, max-image-preview:large, max-video-preview:-1\" \/>\n<link rel=\"canonical\" href=\"https:\/\/www.charleshofer.ch\/fr\/product\/fuyu-japanese-blended-whisky\/\" \/>\n<meta property=\"og:locale\" content=\"fr_FR\" \/>\n<meta property=\"og:type\" content=\"article\" \/>\n<meta property=\"og:title\" content=\"Fuyu Japanese Blended Whisky | Charles Hofer SA\" \/>\n<meta property=\"og:description\" content=\"Le Fuyu est fabriqu\u00e9 en petites s\u00e9ries \u00e0 partir de whiskys de quatre distilleries diff\u00e9rentes aux alentours de Kyoto, sur l&rsquo;\u00eele de Honshu. Fuyu signifie hiver. L&rsquo;assemblage est compos\u00e9 \u00e0 80 % de whiskys de grain et 20 % de whisky de malt. Avant la mise en bouteille, il est r\u00e9duit \u00e0 40 %. Couleur [&hellip;]\" \/>\n<meta property=\"og:url\" content=\"https:\/\/www.charleshofer.ch\/fr\/product\/fuyu-japanese-blended-whisky\/\" \/>\n<meta property=\"og:site_name\" content=\"Charles Hofer SA\" \/>\n<meta property=\"article:modified_time\" content=\"2024-10-01T08:21:15+00:00\" \/>\n<meta property=\"og:image\" content=\"http:\/\/www.charleshofer.ch\/wp-content\/uploads\/2020\/03\/whi_fuy.jpg\" \/>\n\t<meta property=\"og:image:width\" content=\"2100\" \/>\n\t<meta property=\"og:image:height\" content=\"1400\" \/>\n\t<meta property=\"og:image:type\" content=\"image\/jpeg\" \/>\n<meta name=\"twitter:card\" content=\"summary_large_image\" \/>\n<meta name=\"twitter:label1\" content=\"Dur\u00e9e de lecture estim\u00e9e\" \/>\n\t<meta name=\"twitter:data1\" content=\"1 minute\" \/>\n<script type=\"application\/ld+json\" class=\"yoast-schema-graph\">{\"@context\":\"https:\/\/schema.org\",\"@graph\":[{\"@type\":\"WebPage\",\"@id\":\"https:\/\/www.charleshofer.ch\/fr\/product\/fuyu-japanese-blended-whisky\/\",\"url\":\"https:\/\/www.charleshofer.ch\/fr\/product\/fuyu-japanese-blended-whisky\/\",\"name\":\"Fuyu Japanese Blended Whisky | Charles Hofer SA\",\"isPartOf\":{\"@id\":\"https:\/\/www.charleshofer.ch\/#website\"},\"primaryImageOfPage\":{\"@id\":\"https:\/\/www.charleshofer.ch\/fr\/product\/fuyu-japanese-blended-whisky\/#primaryimage\"},\"image\":{\"@id\":\"https:\/\/www.charleshofer.ch\/fr\/product\/fuyu-japanese-blended-whisky\/#primaryimage\"},\"thumbnailUrl\":\"https:\/\/www.charleshofer.ch\/wp-content\/uploads\/2020\/03\/whi_fuy.jpg\",\"datePublished\":\"2019-11-07T15:36:01+00:00\",\"dateModified\":\"2024-10-01T08:21:15+00:00\",\"breadcrumb\":{\"@id\":\"https:\/\/www.charleshofer.ch\/fr\/product\/fuyu-japanese-blended-whisky\/#breadcrumb\"},\"inLanguage\":\"fr-FR\",\"potentialAction\":[{\"@type\":\"ReadAction\",\"target\":[\"https:\/\/www.charleshofer.ch\/fr\/product\/fuyu-japanese-blended-whisky\/\"]}]},{\"@type\":\"ImageObject\",\"inLanguage\":\"fr-FR\",\"@id\":\"https:\/\/www.charleshofer.ch\/fr\/product\/fuyu-japanese-blended-whisky\/#primaryimage\",\"url\":\"https:\/\/www.charleshofer.ch\/wp-content\/uploads\/2020\/03\/whi_fuy.jpg\",\"contentUrl\":\"https:\/\/www.charleshofer.ch\/wp-content\/uploads\/2020\/03\/whi_fuy.jpg\",\"width\":2100,\"height\":1400},{\"@type\":\"BreadcrumbList\",\"@id\":\"https:\/\/www.charleshofer.ch\/fr\/product\/fuyu-japanese-blended-whisky\/#breadcrumb\",\"itemListElement\":[{\"@type\":\"ListItem\",\"position\":1,\"name\":\"Startseite\",\"item\":\"https:\/\/www.charleshofer.ch\/\"},{\"@type\":\"ListItem\",\"position\":2,\"name\":\"Products\",\"item\":\"https:\/\/www.charleshofer.ch\/product\/\"},{\"@type\":\"ListItem\",\"position\":3,\"name\":\"Fuyu Japanese Blended Whisky\"}]},{\"@type\":\"WebSite\",\"@id\":\"https:\/\/www.charleshofer.ch\/#website\",\"url\":\"https:\/\/www.charleshofer.ch\/\",\"name\":\"Charles Hofer SA\",\"description\":\"Fine Spirits &amp; Wines\",\"publisher\":{\"@id\":\"https:\/\/www.charleshofer.ch\/#organization\"},\"potentialAction\":[{\"@type\":\"SearchAction\",\"target\":{\"@type\":\"EntryPoint\",\"urlTemplate\":\"https:\/\/www.charleshofer.ch\/?s={search_term_string}\"},\"query-input\":{\"@type\":\"PropertyValueSpecification\",\"valueRequired\":true,\"valueName\":\"search_term_string\"}}],\"inLanguage\":\"fr-FR\"},{\"@type\":\"Organization\",\"@id\":\"https:\/\/www.charleshofer.ch\/#organization\",\"name\":\"Charles Hofer SA\",\"url\":\"https:\/\/www.charleshofer.ch\/\",\"logo\":{\"@type\":\"ImageObject\",\"inLanguage\":\"fr-FR\",\"@id\":\"https:\/\/www.charleshofer.ch\/#\/schema\/logo\/image\/\",\"url\":\"https:\/\/www.charleshofer.ch\/wp-content\/uploads\/2014\/01\/chhofer_logo_0.png\",\"contentUrl\":\"https:\/\/www.charleshofer.ch\/wp-content\/uploads\/2014\/01\/chhofer_logo_0.png\",\"width\":175,\"height\":217,\"caption\":\"Charles Hofer SA\"},\"image\":{\"@id\":\"https:\/\/www.charleshofer.ch\/#\/schema\/logo\/image\/\"}}]}<\/script>\n<!-- \/ Yoast SEO plugin. -->","yoast_head_json":{"title":"Fuyu Japanese Blended Whisky | Charles Hofer SA","robots":{"index":"index","follow":"follow","max-snippet":"max-snippet:-1","max-image-preview":"max-image-preview:large","max-video-preview":"max-video-preview:-1"},"canonical":"https:\/\/www.charleshofer.ch\/fr\/product\/fuyu-japanese-blended-whisky\/","og_locale":"fr_FR","og_type":"article","og_title":"Fuyu Japanese Blended Whisky | Charles Hofer SA","og_description":"Le Fuyu est fabriqu\u00e9 en petites s\u00e9ries \u00e0 partir de whiskys de quatre distilleries diff\u00e9rentes aux alentours de Kyoto, sur l&rsquo;\u00eele de Honshu. Fuyu signifie hiver. L&rsquo;assemblage est compos\u00e9 \u00e0 80 % de whiskys de grain et 20 % de whisky de malt. Avant la mise en bouteille, il est r\u00e9duit \u00e0 40 %. Couleur [&hellip;]","og_url":"https:\/\/www.charleshofer.ch\/fr\/product\/fuyu-japanese-blended-whisky\/","og_site_name":"Charles Hofer SA","article_modified_time":"2024-10-01T08:21:15+00:00","og_image":[{"width":2100,"height":1400,"url":"http:\/\/www.charleshofer.ch\/wp-content\/uploads\/2020\/03\/whi_fuy.jpg","type":"image\/jpeg"}],"twitter_card":"summary_large_image","twitter_misc":{"Dur\u00e9e de lecture estim\u00e9e":"1 minute"},"schema":{"@context":"https:\/\/schema.org","@graph":[{"@type":"WebPage","@id":"https:\/\/www.charleshofer.ch\/fr\/product\/fuyu-japanese-blended-whisky\/","url":"https:\/\/www.charleshofer.ch\/fr\/product\/fuyu-japanese-blended-whisky\/","name":"Fuyu Japanese Blended Whisky | Charles Hofer SA","isPartOf":{"@id":"https:\/\/www.charleshofer.ch\/#website"},"primaryImageOfPage":{"@id":"https:\/\/www.charleshofer.ch\/fr\/product\/fuyu-japanese-blended-whisky\/#primaryimage"},"image":{"@id":"https:\/\/www.charleshofer.ch\/fr\/product\/fuyu-japanese-blended-whisky\/#primaryimage"},"thumbnailUrl":"https:\/\/www.charleshofer.ch\/wp-content\/uploads\/2020\/03\/whi_fuy.jpg","datePublished":"2019-11-07T15:36:01+00:00","dateModified":"2024-10-01T08:21:15+00:00","breadcrumb":{"@id":"https:\/\/www.charleshofer.ch\/fr\/product\/fuyu-japanese-blended-whisky\/#breadcrumb"},"inLanguage":"fr-FR","potentialAction":[{"@type":"ReadAction","target":["https:\/\/www.charleshofer.ch\/fr\/product\/fuyu-japanese-blended-whisky\/"]}]},{"@type":"ImageObject","inLanguage":"fr-FR","@id":"https:\/\/www.charleshofer.ch\/fr\/product\/fuyu-japanese-blended-whisky\/#primaryimage","url":"https:\/\/www.charleshofer.ch\/wp-content\/uploads\/2020\/03\/whi_fuy.jpg","contentUrl":"https:\/\/www.charleshofer.ch\/wp-content\/uploads\/2020\/03\/whi_fuy.jpg","width":2100,"height":1400},{"@type":"BreadcrumbList","@id":"https:\/\/www.charleshofer.ch\/fr\/product\/fuyu-japanese-blended-whisky\/#breadcrumb","itemListElement":[{"@type":"ListItem","position":1,"name":"Startseite","item":"https:\/\/www.charleshofer.ch\/"},{"@type":"ListItem","position":2,"name":"Products","item":"https:\/\/www.charleshofer.ch\/product\/"},{"@type":"ListItem","position":3,"name":"Fuyu Japanese Blended Whisky"}]},{"@type":"WebSite","@id":"https:\/\/www.charleshofer.ch\/#website","url":"https:\/\/www.charleshofer.ch\/","name":"Charles Hofer SA","description":"Fine Spirits &amp; Wines","publisher":{"@id":"https:\/\/www.charleshofer.ch\/#organization"},"potentialAction":[{"@type":"SearchAction","target":{"@type":"EntryPoint","urlTemplate":"https:\/\/www.charleshofer.ch\/?s={search_term_string}"},"query-input":{"@type":"PropertyValueSpecification","valueRequired":true,"valueName":"search_term_string"}}],"inLanguage":"fr-FR"},{"@type":"Organization","@id":"https:\/\/www.charleshofer.ch\/#organization","name":"Charles Hofer SA","url":"https:\/\/www.charleshofer.ch\/","logo":{"@type":"ImageObject","inLanguage":"fr-FR","@id":"https:\/\/www.charleshofer.ch\/#\/schema\/logo\/image\/","url":"https:\/\/www.charleshofer.ch\/wp-content\/uploads\/2014\/01\/chhofer_logo_0.png","contentUrl":"https:\/\/www.charleshofer.ch\/wp-content\/uploads\/2014\/01\/chhofer_logo_0.png","width":175,"height":217,"caption":"Charles Hofer SA"},"image":{"@id":"https:\/\/www.charleshofer.ch\/#\/schema\/logo\/image\/"}}]}},"_links":{"self":[{"href":"https:\/\/www.charleshofer.ch\/fr\/wp-json\/wp\/v2\/product\/6977","targetHints":{"allow":["GET"]}}],"collection":[{"href":"https:\/\/www.charleshofer.ch\/fr\/wp-json\/wp\/v2\/product"}],"about":[{"href":"https:\/\/www.charleshofer.ch\/fr\/wp-json\/wp\/v2\/types\/product"}],"author":[{"embeddable":true,"href":"https:\/\/www.charleshofer.ch\/fr\/wp-json\/wp\/v2\/users\/5"}],"wp:featuredmedia":[{"embeddable":true,"href":"https:\/\/www.charleshofer.ch\/fr\/wp-json\/wp\/v2\/media\/6743"}],"wp:attachment":[{"href":"https:\/\/www.charleshofer.ch\/fr\/wp-json\/wp\/v2\/media?parent=6977"}],"wp:term":[{"taxonomy":"product_categories","embeddable":true,"href":"https:\/\/www.charleshofer.ch\/fr\/wp-json\/wp\/v2\/product_categories?post=6977"},{"taxonomy":"inhaltsart","embeddable":true,"href":"https:\/\/www.charleshofer.ch\/fr\/wp-json\/wp\/v2\/inhaltsart?post=6977"}],"curies":[{"name":"wp","href":"https:\/\/api.w.org\/{rel}","templated":true}]}}